{"id":24311,"date":"2025-08-01T18:02:36","date_gmt":"2025-08-01T16:02:36","guid":{"rendered":"https:\/\/uj.adatbank.ro\/lexikon\/termek\/vass-istvan\/"},"modified":"2025-08-01T18:02:36","modified_gmt":"2025-08-01T16:02:36","slug":"vass-istvan","status":"publish","type":"product","link":"https:\/\/uj.adatbank.ro\/lexikon\/termek\/vass-istvan\/","title":{"rendered":"VASS Istv\u00e1n"},"content":{"rendered":"<p>? \u2020\u00a0?: orgona\u00e9p\u00edt\u0151. \u2013 A mv.-i mester els\u0151 ismert orgon\u00e1ja 1850 k\u00f6r\u00fcli, utols\u00f3 1880. M\u0171vei k\u00f6z\u00fcl Maros megy\u00e9ben ismert: H\u00e9derf\u00e1ja ref. templ. (1876), Mez\u0151madaras ref. templ. (1876), Holtmaros ref. templ. (1880), Mez\u0151k\u00f6lp\u00e9ny m\u0171eml\u00e9k ref. templ. (1877), Mez\u0151panit ref. templ. (1850), Marosd\u00e9cse ref. templom (1877) \u00e9s Marosszentgy\u00f6rgy\u00f6n a r. k. templomom orgon\u00e1ja (1880). <br \/><strong>\u2013 Irod.:<\/strong> Cs\u00edky Csaba; D\u00e1vid, K\u00fck\u00fcll\u0151i Ref. Egyh\u00e1zm. 4.; Marosszentgy\u00f6rgy t\u00f6rt.<\/br><\/p>\n","protected":false},"excerpt":{"rendered":"<p>? \u2020\u00a0?: orgona\u00e9p\u00edt\u0151. \u2013 A mv.-i mester els\u0151 ismert orgon\u00e1ja 1850 k\u00f6r\u00fcli, utols\u00f3 1880. M\u0171vei k\u00f6z\u00fcl Maros megy\u00e9ben ismert: H\u00e9derf\u00e1ja ref. templ. (1876), Mez\u0151madaras ref. templ. (1876), Holtmaros ref. templ. (1880), Mez\u0151k\u00f6lp\u00e9ny m\u0171eml\u00e9k ref. templ. (1877), Mez\u0151panit ref. templ. (1850), Marosd\u00e9cse ref. templom (1877) \u00e9s Marosszentgy\u00f6rgy\u00f6n a r. k. templomom orgon\u00e1ja (1880). \u2013 Irod.: Cs\u00edky [&hellip;]<\/p>\n","protected":false},"featured_media":0,"comment_status":"open","ping_status":"closed","template":"","meta":[],"product_brand":[],"product_cat":[137],"product_tag":[],"class_list":{"0":"post-24311","1":"product","2":"type-product","3":"status-publish","5":"product_cat-maros-megyei-eletrajzi-lexikon","7":"first","8":"instock","9":"shipping-taxable","10":"product-type-simple"},"_links":{"self":[{"href":"https:\/\/uj.adatbank.ro\/lexikon\/wp-json\/wp\/v2\/product\/24311","targetHints":{"allow":["GET"]}}],"collection":[{"href":"https:\/\/uj.adatbank.ro\/lexikon\/wp-json\/wp\/v2\/product"}],"about":[{"href":"https:\/\/uj.adatbank.ro\/lexikon\/wp-json\/wp\/v2\/types\/product"}],"replies":[{"embeddable":true,"href":"https:\/\/uj.adatbank.ro\/lexikon\/wp-json\/wp\/v2\/comments?post=24311"}],"wp:attachment":[{"href":"https:\/\/uj.adatbank.ro\/lexikon\/wp-json\/wp\/v2\/media?parent=24311"}],"wp:term":[{"taxonomy":"product_brand","embeddable":true,"href":"https:\/\/uj.adatbank.ro\/lexikon\/wp-json\/wp\/v2\/product_brand?post=24311"},{"taxonomy":"product_cat","embeddable":true,"href":"https:\/\/uj.adatbank.ro\/lexikon\/wp-json\/wp\/v2\/product_cat?post=24311"},{"taxonomy":"product_tag","embeddable":true,"href":"https:\/\/uj.adatbank.ro\/lexikon\/wp-json\/wp\/v2\/product_tag?post=24311"}],"curies":[{"name":"wp","href":"https:\/\/api.w.org\/{rel}","templated":true}]}}