{"id":24312,"date":"2025-08-01T18:02:39","date_gmt":"2025-08-01T16:02:39","guid":{"rendered":"https:\/\/uj.adatbank.ro\/lexikon\/termek\/vass-istvan-2\/"},"modified":"2025-08-01T18:02:39","modified_gmt":"2025-08-01T16:02:39","slug":"vass-istvan-2","status":"publish","type":"product","link":"https:\/\/uj.adatbank.ro\/lexikon\/termek\/vass-istvan-2\/","title":{"rendered":"VASS Istv\u00e1n"},"content":{"rendered":"<p>G\u00f6rg\u00e9ny\u00fcvegcs\u0171r (Maros), 1888., \u2020\u00a0?: \u00e1llami vad\u0151r. \u2013 El\u0151bb a k\u0151m\u0171vesiparban szabadult fel, \u00e9s mint seg\u00e9d dolgozott. Az els\u0151 vh.-ban munk\u00e1scsapatn\u00e1l szolg\u00e1lt. Kisb\u00edr\u00f3 volt, a r. k. egyh\u00e1z tan\u00e1cstagja, k\u00f6zbirtokoss\u00e1gi eln\u00f6k, k\u00f6zs\u00e9gi erd\u0151p\u00e9nzt\u00e1ros, majd \u00e1llami vad\u0151r (1940\u2013) volt. <br \/><strong>\u2013 Irod.:<\/strong> Sz\u00e9kelyf\u00f6ld \u00ed. k.<\/br><\/p>\n","protected":false},"excerpt":{"rendered":"<p>G\u00f6rg\u00e9ny\u00fcvegcs\u0171r (Maros), 1888., \u2020\u00a0?: \u00e1llami vad\u0151r. \u2013 El\u0151bb a k\u0151m\u0171vesiparban szabadult fel, \u00e9s mint seg\u00e9d dolgozott. Az els\u0151 vh.-ban munk\u00e1scsapatn\u00e1l szolg\u00e1lt. Kisb\u00edr\u00f3 volt, a r. k. egyh\u00e1z tan\u00e1cstagja, k\u00f6zbirtokoss\u00e1gi eln\u00f6k, k\u00f6zs\u00e9gi erd\u0151p\u00e9nzt\u00e1ros, majd \u00e1llami vad\u0151r (1940\u2013) volt. \u2013 Irod.: Sz\u00e9kelyf\u00f6ld \u00ed. k.<\/p>\n","protected":false},"featured_media":0,"comment_status":"open","ping_status":"closed","template":"","meta":[],"product_brand":[],"product_cat":[137],"product_tag":[],"class_list":{"0":"post-24312","1":"product","2":"type-product","3":"status-publish","5":"product_cat-maros-megyei-eletrajzi-lexikon","7":"first","8":"instock","9":"shipping-taxable","10":"product-type-simple"},"_links":{"self":[{"href":"https:\/\/uj.adatbank.ro\/lexikon\/wp-json\/wp\/v2\/product\/24312","targetHints":{"allow":["GET"]}}],"collection":[{"href":"https:\/\/uj.adatbank.ro\/lexikon\/wp-json\/wp\/v2\/product"}],"about":[{"href":"https:\/\/uj.adatbank.ro\/lexikon\/wp-json\/wp\/v2\/types\/product"}],"replies":[{"embeddable":true,"href":"https:\/\/uj.adatbank.ro\/lexikon\/wp-json\/wp\/v2\/comments?post=24312"}],"wp:attachment":[{"href":"https:\/\/uj.adatbank.ro\/lexikon\/wp-json\/wp\/v2\/media?parent=24312"}],"wp:term":[{"taxonomy":"product_brand","embeddable":true,"href":"https:\/\/uj.adatbank.ro\/lexikon\/wp-json\/wp\/v2\/product_brand?post=24312"},{"taxonomy":"product_cat","embeddable":true,"href":"https:\/\/uj.adatbank.ro\/lexikon\/wp-json\/wp\/v2\/product_cat?post=24312"},{"taxonomy":"product_tag","embeddable":true,"href":"https:\/\/uj.adatbank.ro\/lexikon\/wp-json\/wp\/v2\/product_tag?post=24312"}],"curies":[{"name":"wp","href":"https:\/\/api.w.org\/{rel}","templated":true}]}}