{"id":24314,"date":"2025-08-01T18:02:43","date_gmt":"2025-08-01T16:02:43","guid":{"rendered":"https:\/\/uj.adatbank.ro\/lexikon\/termek\/vass-jeno\/"},"modified":"2025-08-01T18:02:43","modified_gmt":"2025-08-01T16:02:43","slug":"vass-jeno","status":"publish","type":"product","link":"https:\/\/uj.adatbank.ro\/lexikon\/termek\/vass-jeno\/","title":{"rendered":"VASS Jen\u0151"},"content":{"rendered":"<p>Nagyv\u00e1rad, 1880., 1860. \u2020\u00a0Mv., 1959. febr. 28.: a mv.-i Argonit M\u0171vek alap\u00edt\u00f3ja, \u00fcgyvezet\u0151 igazgat\u00f3ja, r\u00e9szv\u00e9nyese. \u2013 Nagyv\u00e1radon v\u00e9gezte a k\u00f6z\u00e9piskol\u00e1t, majd keresked\u0151 lett, Mv.-en \u00f6n\u00e1ll\u00f3s\u00edtotta mag\u00e1t (1919\u2013) \u2013 d\u00edszm\u0171 \u00e9s sport\u00e1r\u00fa \u00fczletet nyitott. Megalap\u00edtotta rt. alapon az Aragonit M\u0171veket (1921, 1923), mely v\u00e1llalatot kiv\u00e1l\u00f3 szaktud\u00e1ssal vezetett, gy\u00e1rtm\u00e1nyai k\u00fclf\u00f6ld\u00f6n is ismertek \u00e9s kelend\u0151k voltak- a rom\u00e1n kir. udvarnak is sz\u00e1ll\u00edtott, Amerik\u00e1ban, Franciao.-ban, Angli\u00e1ban, Ausztri\u00e1ban \u00e9s Mo.-on kiterjedt vev\u0151k\u00f6rrel rendelkezett. A mv.-i Kaszin\u00f3, t\u00f6bb sportegyes\u00fclet tagja volt. <br \/><strong>\u2013 Irod.:<\/strong> EBKL; Ki kicsoda?; Mv.-i zsid\u00f3 temet\u0151 dok.<\/br><\/p>\n","protected":false},"excerpt":{"rendered":"<p>Nagyv\u00e1rad, 1880., 1860. \u2020\u00a0Mv., 1959. febr. 28.: a mv.-i Argonit M\u0171vek alap\u00edt\u00f3ja, \u00fcgyvezet\u0151 igazgat\u00f3ja, r\u00e9szv\u00e9nyese. \u2013 Nagyv\u00e1radon v\u00e9gezte a k\u00f6z\u00e9piskol\u00e1t, majd keresked\u0151 lett, Mv.-en \u00f6n\u00e1ll\u00f3s\u00edtotta mag\u00e1t (1919\u2013) \u2013 d\u00edszm\u0171 \u00e9s sport\u00e1r\u00fa \u00fczletet nyitott. Megalap\u00edtotta rt. alapon az Aragonit M\u0171veket (1921, 1923), mely v\u00e1llalatot kiv\u00e1l\u00f3 szaktud\u00e1ssal vezetett, gy\u00e1rtm\u00e1nyai k\u00fclf\u00f6ld\u00f6n is ismertek \u00e9s kelend\u0151k voltak- a rom\u00e1n [&hellip;]<\/p>\n","protected":false},"featured_media":0,"comment_status":"open","ping_status":"closed","template":"","meta":[],"product_brand":[],"product_cat":[137],"product_tag":[],"class_list":{"0":"post-24314","1":"product","2":"type-product","3":"status-publish","5":"product_cat-maros-megyei-eletrajzi-lexikon","7":"first","8":"instock","9":"shipping-taxable","10":"product-type-simple"},"_links":{"self":[{"href":"https:\/\/uj.adatbank.ro\/lexikon\/wp-json\/wp\/v2\/product\/24314","targetHints":{"allow":["GET"]}}],"collection":[{"href":"https:\/\/uj.adatbank.ro\/lexikon\/wp-json\/wp\/v2\/product"}],"about":[{"href":"https:\/\/uj.adatbank.ro\/lexikon\/wp-json\/wp\/v2\/types\/product"}],"replies":[{"embeddable":true,"href":"https:\/\/uj.adatbank.ro\/lexikon\/wp-json\/wp\/v2\/comments?post=24314"}],"wp:attachment":[{"href":"https:\/\/uj.adatbank.ro\/lexikon\/wp-json\/wp\/v2\/media?parent=24314"}],"wp:term":[{"taxonomy":"product_brand","embeddable":true,"href":"https:\/\/uj.adatbank.ro\/lexikon\/wp-json\/wp\/v2\/product_brand?post=24314"},{"taxonomy":"product_cat","embeddable":true,"href":"https:\/\/uj.adatbank.ro\/lexikon\/wp-json\/wp\/v2\/product_cat?post=24314"},{"taxonomy":"product_tag","embeddable":true,"href":"https:\/\/uj.adatbank.ro\/lexikon\/wp-json\/wp\/v2\/product_tag?post=24314"}],"curies":[{"name":"wp","href":"https:\/\/api.w.org\/{rel}","templated":true}]}}