{"id":24315,"date":"2025-08-01T18:02:45","date_gmt":"2025-08-01T16:02:45","guid":{"rendered":"https:\/\/uj.adatbank.ro\/lexikon\/termek\/vass-jolan\/"},"modified":"2025-08-01T18:02:45","modified_gmt":"2025-08-01T16:02:45","slug":"vass-jolan","status":"publish","type":"product","link":"https:\/\/uj.adatbank.ro\/lexikon\/termek\/vass-jolan\/","title":{"rendered":"VASS Jol\u00e1n"},"content":{"rendered":"<p>D\u00e9s, 1922. \u00e1pr. 23., \u2020\u00a0?: orvos. \u2013A k\u00f6z\u00e9piskol\u00e1t sz\u00fcl\u0151v\u00e1ros\u00e1ban, az egyetemet Bp.-en Kv.-on v\u00e9gezte (1948). Endokrinol\u00f3gus szakorvos volt a mv.-i 1. sz Poliklinik\u00e1n (1948\u201370), nyugd\u00edjaz\u00e1sa ut\u00e1n a Fizet\u00e9ses Poliklinik\u00e1n dolgozott (1970\u201389). \u2013  <strong>F. m..:<\/strong>  <strong>t\u00e1rssz.:<\/strong> Az \u00e1ltal\u00e1nos k\u00f3rtan v\u00e1zlata (Mv., 1947); K\u00f3rtan \/ Ob\u00e1l Ferenc el\u0151ad\u00e1sai alapj\u00e1n \u00f6ssze\u00e1ll., D\u00e9zsi Zolt\u00e1n; F. M\u00f3zes Magda, Vass Jol\u00e1n (Mv., 1947). <br \/><strong>\u2013 Irod.:<\/strong> P\u00e9ter.<\/br><\/p>\n","protected":false},"excerpt":{"rendered":"<p>D\u00e9s, 1922. \u00e1pr. 23., \u2020\u00a0?: orvos. \u2013A k\u00f6z\u00e9piskol\u00e1t sz\u00fcl\u0151v\u00e1ros\u00e1ban, az egyetemet Bp.-en Kv.-on v\u00e9gezte (1948). Endokrinol\u00f3gus szakorvos volt a mv.-i 1. sz Poliklinik\u00e1n (1948\u201370), nyugd\u00edjaz\u00e1sa ut\u00e1n a Fizet\u00e9ses Poliklinik\u00e1n dolgozott (1970\u201389). \u2013 F. m..: t\u00e1rssz.: Az \u00e1ltal\u00e1nos k\u00f3rtan v\u00e1zlata (Mv., 1947); K\u00f3rtan \/ Ob\u00e1l Ferenc el\u0151ad\u00e1sai alapj\u00e1n \u00f6ssze\u00e1ll., D\u00e9zsi Zolt\u00e1n; F. M\u00f3zes Magda, Vass Jol\u00e1n [&hellip;]<\/p>\n","protected":false},"featured_media":0,"comment_status":"open","ping_status":"closed","template":"","meta":[],"product_brand":[],"product_cat":[137],"product_tag":[],"class_list":{"0":"post-24315","1":"product","2":"type-product","3":"status-publish","5":"product_cat-maros-megyei-eletrajzi-lexikon","7":"first","8":"instock","9":"shipping-taxable","10":"product-type-simple"},"_links":{"self":[{"href":"https:\/\/uj.adatbank.ro\/lexikon\/wp-json\/wp\/v2\/product\/24315","targetHints":{"allow":["GET"]}}],"collection":[{"href":"https:\/\/uj.adatbank.ro\/lexikon\/wp-json\/wp\/v2\/product"}],"about":[{"href":"https:\/\/uj.adatbank.ro\/lexikon\/wp-json\/wp\/v2\/types\/product"}],"replies":[{"embeddable":true,"href":"https:\/\/uj.adatbank.ro\/lexikon\/wp-json\/wp\/v2\/comments?post=24315"}],"wp:attachment":[{"href":"https:\/\/uj.adatbank.ro\/lexikon\/wp-json\/wp\/v2\/media?parent=24315"}],"wp:term":[{"taxonomy":"product_brand","embeddable":true,"href":"https:\/\/uj.adatbank.ro\/lexikon\/wp-json\/wp\/v2\/product_brand?post=24315"},{"taxonomy":"product_cat","embeddable":true,"href":"https:\/\/uj.adatbank.ro\/lexikon\/wp-json\/wp\/v2\/product_cat?post=24315"},{"taxonomy":"product_tag","embeddable":true,"href":"https:\/\/uj.adatbank.ro\/lexikon\/wp-json\/wp\/v2\/product_tag?post=24315"}],"curies":[{"name":"wp","href":"https:\/\/api.w.org\/{rel}","templated":true}]}}