{"id":24316,"date":"2025-08-01T18:02:48","date_gmt":"2025-08-01T16:02:48","guid":{"rendered":"https:\/\/uj.adatbank.ro\/lexikon\/termek\/vass-jozsef\/"},"modified":"2025-08-01T18:02:48","modified_gmt":"2025-08-01T16:02:48","slug":"vass-jozsef","status":"publish","type":"product","link":"https:\/\/uj.adatbank.ro\/lexikon\/termek\/vass-jozsef\/","title":{"rendered":"VASS J\u00f3zsef"},"content":{"rendered":"<p>1813. \u2020\u00a01873: t\u00f6rt\u00e9n\u00e9sz. \u2013  <strong>F. m..:<\/strong> Erd\u00e9ly orsz\u00e1ggy\u0171l\u00e9sei a vajd\u00e1k alatt (Bp., 1869), Erd\u00e9ly a r\u00f3maiak alatt Kv., 1863). <br \/><strong>\u2013 Irod.:<\/strong> Aranka; F\u00fcl\u00f6p\u2013Ferencz.<\/br><\/p>\n","protected":false},"excerpt":{"rendered":"<p>1813. \u2020\u00a01873: t\u00f6rt\u00e9n\u00e9sz. \u2013 F. m..: Erd\u00e9ly orsz\u00e1ggy\u0171l\u00e9sei a vajd\u00e1k alatt (Bp., 1869), Erd\u00e9ly a r\u00f3maiak alatt Kv., 1863). \u2013 Irod.: Aranka; F\u00fcl\u00f6p\u2013Ferencz.<\/p>\n","protected":false},"featured_media":0,"comment_status":"open","ping_status":"closed","template":"","meta":[],"product_brand":[],"product_cat":[137],"product_tag":[],"class_list":{"0":"post-24316","1":"product","2":"type-product","3":"status-publish","5":"product_cat-maros-megyei-eletrajzi-lexikon","7":"first","8":"instock","9":"shipping-taxable","10":"product-type-simple"},"_links":{"self":[{"href":"https:\/\/uj.adatbank.ro\/lexikon\/wp-json\/wp\/v2\/product\/24316","targetHints":{"allow":["GET"]}}],"collection":[{"href":"https:\/\/uj.adatbank.ro\/lexikon\/wp-json\/wp\/v2\/product"}],"about":[{"href":"https:\/\/uj.adatbank.ro\/lexikon\/wp-json\/wp\/v2\/types\/product"}],"replies":[{"embeddable":true,"href":"https:\/\/uj.adatbank.ro\/lexikon\/wp-json\/wp\/v2\/comments?post=24316"}],"wp:attachment":[{"href":"https:\/\/uj.adatbank.ro\/lexikon\/wp-json\/wp\/v2\/media?parent=24316"}],"wp:term":[{"taxonomy":"product_brand","embeddable":true,"href":"https:\/\/uj.adatbank.ro\/lexikon\/wp-json\/wp\/v2\/product_brand?post=24316"},{"taxonomy":"product_cat","embeddable":true,"href":"https:\/\/uj.adatbank.ro\/lexikon\/wp-json\/wp\/v2\/product_cat?post=24316"},{"taxonomy":"product_tag","embeddable":true,"href":"https:\/\/uj.adatbank.ro\/lexikon\/wp-json\/wp\/v2\/product_tag?post=24316"}],"curies":[{"name":"wp","href":"https:\/\/api.w.org\/{rel}","templated":true}]}}