{"id":24317,"date":"2025-08-01T18:02:50","date_gmt":"2025-08-01T16:02:50","guid":{"rendered":"https:\/\/uj.adatbank.ro\/lexikon\/termek\/vass-jozsef-2\/"},"modified":"2025-08-01T18:02:50","modified_gmt":"2025-08-01T16:02:50","slug":"vass-jozsef-2","status":"publish","type":"product","link":"https:\/\/uj.adatbank.ro\/lexikon\/termek\/vass-jozsef-2\/","title":{"rendered":"VASS J\u00f3zsef"},"content":{"rendered":"<p>Abaf\u00e1ja, 1879. m\u00e1j. 2.: \u00fcgyv\u00e9d, f\u00f6ldbirtokos. <br \/><strong>\u2013 Irod.:<\/strong> EM.<\/br><\/p>\n","protected":false},"excerpt":{"rendered":"<p>Abaf\u00e1ja, 1879. m\u00e1j. 2.: \u00fcgyv\u00e9d, f\u00f6ldbirtokos. \u2013 Irod.: EM.<\/p>\n","protected":false},"featured_media":0,"comment_status":"open","ping_status":"closed","template":"","meta":[],"product_brand":[],"product_cat":[137],"product_tag":[],"class_list":{"0":"post-24317","1":"product","2":"type-product","3":"status-publish","5":"product_cat-maros-megyei-eletrajzi-lexikon","7":"first","8":"instock","9":"shipping-taxable","10":"product-type-simple"},"_links":{"self":[{"href":"https:\/\/uj.adatbank.ro\/lexikon\/wp-json\/wp\/v2\/product\/24317","targetHints":{"allow":["GET"]}}],"collection":[{"href":"https:\/\/uj.adatbank.ro\/lexikon\/wp-json\/wp\/v2\/product"}],"about":[{"href":"https:\/\/uj.adatbank.ro\/lexikon\/wp-json\/wp\/v2\/types\/product"}],"replies":[{"embeddable":true,"href":"https:\/\/uj.adatbank.ro\/lexikon\/wp-json\/wp\/v2\/comments?post=24317"}],"wp:attachment":[{"href":"https:\/\/uj.adatbank.ro\/lexikon\/wp-json\/wp\/v2\/media?parent=24317"}],"wp:term":[{"taxonomy":"product_brand","embeddable":true,"href":"https:\/\/uj.adatbank.ro\/lexikon\/wp-json\/wp\/v2\/product_brand?post=24317"},{"taxonomy":"product_cat","embeddable":true,"href":"https:\/\/uj.adatbank.ro\/lexikon\/wp-json\/wp\/v2\/product_cat?post=24317"},{"taxonomy":"product_tag","embeddable":true,"href":"https:\/\/uj.adatbank.ro\/lexikon\/wp-json\/wp\/v2\/product_tag?post=24317"}],"curies":[{"name":"wp","href":"https:\/\/api.w.org\/{rel}","templated":true}]}}