{"id":24319,"date":"2025-08-01T18:02:54","date_gmt":"2025-08-01T16:02:54","guid":{"rendered":"https:\/\/uj.adatbank.ro\/lexikon\/termek\/vass-marta-schwartz\/"},"modified":"2025-08-01T18:02:54","modified_gmt":"2025-08-01T16:02:54","slug":"vass-marta-schwartz","status":"publish","type":"product","link":"https:\/\/uj.adatbank.ro\/lexikon\/termek\/vass-marta-schwartz\/","title":{"rendered":"VASS M\u00e1rta; Schwartz"},"content":{"rendered":"<p>Mv., 1917. szept. 10., \u2020\u00a0?: iparm\u0171v\u00e9sz. \u2013 A K\u00e9pz\u0151m\u0171v\u00e9szeti Sz\u00f6vets\u00e9g nagyv\u00e1radi fi\u00f3kj\u00e1nak tagja. <br \/><strong>\u2013 Irod.:<\/strong> Moln\u00e1r.<\/br><\/p>\n","protected":false},"excerpt":{"rendered":"<p>Mv., 1917. szept. 10., \u2020\u00a0?: iparm\u0171v\u00e9sz. \u2013 A K\u00e9pz\u0151m\u0171v\u00e9szeti Sz\u00f6vets\u00e9g nagyv\u00e1radi fi\u00f3kj\u00e1nak tagja. \u2013 Irod.: Moln\u00e1r.<\/p>\n","protected":false},"featured_media":0,"comment_status":"open","ping_status":"closed","template":"","meta":[],"product_brand":[],"product_cat":[137],"product_tag":[],"class_list":{"0":"post-24319","1":"product","2":"type-product","3":"status-publish","5":"product_cat-maros-megyei-eletrajzi-lexikon","7":"first","8":"instock","9":"shipping-taxable","10":"product-type-simple"},"_links":{"self":[{"href":"https:\/\/uj.adatbank.ro\/lexikon\/wp-json\/wp\/v2\/product\/24319","targetHints":{"allow":["GET"]}}],"collection":[{"href":"https:\/\/uj.adatbank.ro\/lexikon\/wp-json\/wp\/v2\/product"}],"about":[{"href":"https:\/\/uj.adatbank.ro\/lexikon\/wp-json\/wp\/v2\/types\/product"}],"replies":[{"embeddable":true,"href":"https:\/\/uj.adatbank.ro\/lexikon\/wp-json\/wp\/v2\/comments?post=24319"}],"wp:attachment":[{"href":"https:\/\/uj.adatbank.ro\/lexikon\/wp-json\/wp\/v2\/media?parent=24319"}],"wp:term":[{"taxonomy":"product_brand","embeddable":true,"href":"https:\/\/uj.adatbank.ro\/lexikon\/wp-json\/wp\/v2\/product_brand?post=24319"},{"taxonomy":"product_cat","embeddable":true,"href":"https:\/\/uj.adatbank.ro\/lexikon\/wp-json\/wp\/v2\/product_cat?post=24319"},{"taxonomy":"product_tag","embeddable":true,"href":"https:\/\/uj.adatbank.ro\/lexikon\/wp-json\/wp\/v2\/product_tag?post=24319"}],"curies":[{"name":"wp","href":"https:\/\/api.w.org\/{rel}","templated":true}]}}