{"id":24328,"date":"2025-08-01T18:03:15","date_gmt":"2025-08-01T16:03:15","guid":{"rendered":"https:\/\/uj.adatbank.ro\/lexikon\/termek\/vass-vas-wass\/"},"modified":"2025-08-01T18:03:15","modified_gmt":"2025-08-01T16:03:15","slug":"vass-vas-wass","status":"publish","type":"product","link":"https:\/\/uj.adatbank.ro\/lexikon\/termek\/vass-vas-wass\/","title":{"rendered":"VASS, Vas; Wass"},"content":{"rendered":"<p>Makfalvi csal\u00e1d: V. Mih\u00e1ly kapott primipilusi levelet Nemess\u00e9g\u00e9t igazolta (1656) C\u00edmerpecs\u00e9t a gr. Teleki-lev\u00e9lt\u00e1rban Mv. <br \/><strong>\u2013 Irod.:<\/strong> Kempelen; P\u00e1lmay.<\/br><\/p>\n","protected":false},"excerpt":{"rendered":"<p>Makfalvi csal\u00e1d: V. Mih\u00e1ly kapott primipilusi levelet Nemess\u00e9g\u00e9t igazolta (1656) C\u00edmerpecs\u00e9t a gr. Teleki-lev\u00e9lt\u00e1rban Mv. \u2013 Irod.: Kempelen; P\u00e1lmay.<\/p>\n","protected":false},"featured_media":0,"comment_status":"open","ping_status":"closed","template":"","meta":[],"product_brand":[],"product_cat":[137],"product_tag":[],"class_list":{"0":"post-24328","1":"product","2":"type-product","3":"status-publish","5":"product_cat-maros-megyei-eletrajzi-lexikon","7":"first","8":"instock","9":"shipping-taxable","10":"product-type-simple"},"_links":{"self":[{"href":"https:\/\/uj.adatbank.ro\/lexikon\/wp-json\/wp\/v2\/product\/24328","targetHints":{"allow":["GET"]}}],"collection":[{"href":"https:\/\/uj.adatbank.ro\/lexikon\/wp-json\/wp\/v2\/product"}],"about":[{"href":"https:\/\/uj.adatbank.ro\/lexikon\/wp-json\/wp\/v2\/types\/product"}],"replies":[{"embeddable":true,"href":"https:\/\/uj.adatbank.ro\/lexikon\/wp-json\/wp\/v2\/comments?post=24328"}],"wp:attachment":[{"href":"https:\/\/uj.adatbank.ro\/lexikon\/wp-json\/wp\/v2\/media?parent=24328"}],"wp:term":[{"taxonomy":"product_brand","embeddable":true,"href":"https:\/\/uj.adatbank.ro\/lexikon\/wp-json\/wp\/v2\/product_brand?post=24328"},{"taxonomy":"product_cat","embeddable":true,"href":"https:\/\/uj.adatbank.ro\/lexikon\/wp-json\/wp\/v2\/product_cat?post=24328"},{"taxonomy":"product_tag","embeddable":true,"href":"https:\/\/uj.adatbank.ro\/lexikon\/wp-json\/wp\/v2\/product_tag?post=24328"}],"curies":[{"name":"wp","href":"https:\/\/api.w.org\/{rel}","templated":true}]}}