{"id":24333,"date":"2025-08-01T18:03:27","date_gmt":"2025-08-01T16:03:27","guid":{"rendered":"https:\/\/uj.adatbank.ro\/lexikon\/termek\/vatasan-gheorghe\/"},"modified":"2025-08-01T18:03:27","modified_gmt":"2025-08-01T16:03:27","slug":"vatasan-gheorghe","status":"publish","type":"product","link":"https:\/\/uj.adatbank.ro\/lexikon\/termek\/vatasan-gheorghe\/","title":{"rendered":"V\u0102T\u0102\u015eAN, Gheorghe"},"content":{"rendered":"<p>Mihai Viteazul (Zolt\u00e1n) (Maros), 1872. \u00e1pr. 11., \u2020\u00a0?: tan\u00e1r. \u2013 Brass\u00f3ban tanult az ortodox f\u0151gimn.-ban, Kv.-on a FJTE-en a filoz\u00f3fia, nyelvek \u00e9s t\u00f6rt\u00e9nelem karon (1891\u201397). <br \/><strong>\u2013 Irod.:<\/strong> Sigmirean.<\/br><\/p>\n","protected":false},"excerpt":{"rendered":"<p>Mihai Viteazul (Zolt\u00e1n) (Maros), 1872. \u00e1pr. 11., \u2020\u00a0?: tan\u00e1r. \u2013 Brass\u00f3ban tanult az ortodox f\u0151gimn.-ban, Kv.-on a FJTE-en a filoz\u00f3fia, nyelvek \u00e9s t\u00f6rt\u00e9nelem karon (1891\u201397). \u2013 Irod.: Sigmirean.<\/p>\n","protected":false},"featured_media":0,"comment_status":"open","ping_status":"closed","template":"","meta":[],"product_brand":[],"product_cat":[137],"product_tag":[],"class_list":{"0":"post-24333","1":"product","2":"type-product","3":"status-publish","5":"product_cat-maros-megyei-eletrajzi-lexikon","7":"first","8":"instock","9":"shipping-taxable","10":"product-type-simple"},"_links":{"self":[{"href":"https:\/\/uj.adatbank.ro\/lexikon\/wp-json\/wp\/v2\/product\/24333","targetHints":{"allow":["GET"]}}],"collection":[{"href":"https:\/\/uj.adatbank.ro\/lexikon\/wp-json\/wp\/v2\/product"}],"about":[{"href":"https:\/\/uj.adatbank.ro\/lexikon\/wp-json\/wp\/v2\/types\/product"}],"replies":[{"embeddable":true,"href":"https:\/\/uj.adatbank.ro\/lexikon\/wp-json\/wp\/v2\/comments?post=24333"}],"wp:attachment":[{"href":"https:\/\/uj.adatbank.ro\/lexikon\/wp-json\/wp\/v2\/media?parent=24333"}],"wp:term":[{"taxonomy":"product_brand","embeddable":true,"href":"https:\/\/uj.adatbank.ro\/lexikon\/wp-json\/wp\/v2\/product_brand?post=24333"},{"taxonomy":"product_cat","embeddable":true,"href":"https:\/\/uj.adatbank.ro\/lexikon\/wp-json\/wp\/v2\/product_cat?post=24333"},{"taxonomy":"product_tag","embeddable":true,"href":"https:\/\/uj.adatbank.ro\/lexikon\/wp-json\/wp\/v2\/product_tag?post=24333"}],"curies":[{"name":"wp","href":"https:\/\/api.w.org\/{rel}","templated":true}]}}