{"id":24334,"date":"2025-08-01T18:03:29","date_gmt":"2025-08-01T16:03:29","guid":{"rendered":"https:\/\/uj.adatbank.ro\/lexikon\/termek\/vatasan-nicolae\/"},"modified":"2025-08-01T18:03:29","modified_gmt":"2025-08-01T16:03:29","slug":"vatasan-nicolae","status":"publish","type":"product","link":"https:\/\/uj.adatbank.ro\/lexikon\/termek\/vatasan-nicolae\/","title":{"rendered":"V\u0102T\u0102\u015eAN, Nicolae"},"content":{"rendered":"<p>Mihai Viteazul (Zolt\u00e1n) (Maros), 1877., \u2020\u00a0?: tan\u00e1r. \u2013 Brass\u00f3ban tanult az Ort. F\u0151gimn.-ban, Kv.-on FJTE-en, matematika-term.tudom\u00e1nyi karon (1896\u201398), abszolv\u00e1l\u00f3 vizsga (1898. j\u00fan.13.). <br \/><strong>\u2013 Irod.:<\/strong> Sigmirean.<\/br><\/p>\n","protected":false},"excerpt":{"rendered":"<p>Mihai Viteazul (Zolt\u00e1n) (Maros), 1877., \u2020\u00a0?: tan\u00e1r. \u2013 Brass\u00f3ban tanult az Ort. F\u0151gimn.-ban, Kv.-on FJTE-en, matematika-term.tudom\u00e1nyi karon (1896\u201398), abszolv\u00e1l\u00f3 vizsga (1898. j\u00fan.13.). \u2013 Irod.: Sigmirean.<\/p>\n","protected":false},"featured_media":0,"comment_status":"open","ping_status":"closed","template":"","meta":[],"product_brand":[],"product_cat":[137],"product_tag":[],"class_list":{"0":"post-24334","1":"product","2":"type-product","3":"status-publish","5":"product_cat-maros-megyei-eletrajzi-lexikon","7":"first","8":"instock","9":"shipping-taxable","10":"product-type-simple"},"_links":{"self":[{"href":"https:\/\/uj.adatbank.ro\/lexikon\/wp-json\/wp\/v2\/product\/24334","targetHints":{"allow":["GET"]}}],"collection":[{"href":"https:\/\/uj.adatbank.ro\/lexikon\/wp-json\/wp\/v2\/product"}],"about":[{"href":"https:\/\/uj.adatbank.ro\/lexikon\/wp-json\/wp\/v2\/types\/product"}],"replies":[{"embeddable":true,"href":"https:\/\/uj.adatbank.ro\/lexikon\/wp-json\/wp\/v2\/comments?post=24334"}],"wp:attachment":[{"href":"https:\/\/uj.adatbank.ro\/lexikon\/wp-json\/wp\/v2\/media?parent=24334"}],"wp:term":[{"taxonomy":"product_brand","embeddable":true,"href":"https:\/\/uj.adatbank.ro\/lexikon\/wp-json\/wp\/v2\/product_brand?post=24334"},{"taxonomy":"product_cat","embeddable":true,"href":"https:\/\/uj.adatbank.ro\/lexikon\/wp-json\/wp\/v2\/product_cat?post=24334"},{"taxonomy":"product_tag","embeddable":true,"href":"https:\/\/uj.adatbank.ro\/lexikon\/wp-json\/wp\/v2\/product_tag?post=24334"}],"curies":[{"name":"wp","href":"https:\/\/api.w.org\/{rel}","templated":true}]}}