{"id":24338,"date":"2025-08-01T18:03:40","date_gmt":"2025-08-01T16:03:40","guid":{"rendered":"https:\/\/uj.adatbank.ro\/lexikon\/termek\/vay-anna-kemeny-simonne\/"},"modified":"2025-08-01T18:03:40","modified_gmt":"2025-08-01T16:03:40","slug":"vay-anna-kemeny-simonne","status":"publish","type":"product","link":"https:\/\/uj.adatbank.ro\/lexikon\/termek\/vay-anna-kemeny-simonne\/","title":{"rendered":"VAY Anna, Kem\u00e9ny Simonn\u00e9"},"content":{"rendered":"<p>? \u2020\u00a0?: v\u00e9csi \u00farn\u0151. \u2013 A marosv\u00e9csi templom \u00e9p\u00edttet\u0151je a dombon, a falu felett, a v\u00e1r alatt (1727). <br \/><strong>\u2013 Irod.:<\/strong> B\u00e1lint Zsigmond 2010; F\u00fcl\u00f6p\u2013Ferencz; Magyar h\u00f6lgyek levelei (Bp., 1879); Papp Ferenc: B. Kem\u00e9ny Zsigmond (Bp., 1922\u201323); Radv\u00e1nszky B\u00e9la: Magyar csal\u00e1d\u00e9let a XVI \u00e9s XVII. sz\u00e1zadban 3. (Bp., 1879\u201396); Szekeres Attila Istv\u00e1n: C\u00edmerek a marosv\u00e9csi reform\u00e1tus templomban = Maros megyei m. t\u00f6rt.5.<\/br><\/p>\n","protected":false},"excerpt":{"rendered":"<p>? \u2020\u00a0?: v\u00e9csi \u00farn\u0151. \u2013 A marosv\u00e9csi templom \u00e9p\u00edttet\u0151je a dombon, a falu felett, a v\u00e1r alatt (1727). \u2013 Irod.: B\u00e1lint Zsigmond 2010; F\u00fcl\u00f6p\u2013Ferencz; Magyar h\u00f6lgyek levelei (Bp., 1879); Papp Ferenc: B. Kem\u00e9ny Zsigmond (Bp., 1922\u201323); Radv\u00e1nszky B\u00e9la: Magyar csal\u00e1d\u00e9let a XVI \u00e9s XVII. sz\u00e1zadban 3. (Bp., 1879\u201396); Szekeres Attila Istv\u00e1n: C\u00edmerek a marosv\u00e9csi reform\u00e1tus [&hellip;]<\/p>\n","protected":false},"featured_media":0,"comment_status":"open","ping_status":"closed","template":"","meta":[],"product_brand":[],"product_cat":[137],"product_tag":[],"class_list":{"0":"post-24338","1":"product","2":"type-product","3":"status-publish","5":"product_cat-maros-megyei-eletrajzi-lexikon","7":"first","8":"instock","9":"shipping-taxable","10":"product-type-simple"},"_links":{"self":[{"href":"https:\/\/uj.adatbank.ro\/lexikon\/wp-json\/wp\/v2\/product\/24338","targetHints":{"allow":["GET"]}}],"collection":[{"href":"https:\/\/uj.adatbank.ro\/lexikon\/wp-json\/wp\/v2\/product"}],"about":[{"href":"https:\/\/uj.adatbank.ro\/lexikon\/wp-json\/wp\/v2\/types\/product"}],"replies":[{"embeddable":true,"href":"https:\/\/uj.adatbank.ro\/lexikon\/wp-json\/wp\/v2\/comments?post=24338"}],"wp:attachment":[{"href":"https:\/\/uj.adatbank.ro\/lexikon\/wp-json\/wp\/v2\/media?parent=24338"}],"wp:term":[{"taxonomy":"product_brand","embeddable":true,"href":"https:\/\/uj.adatbank.ro\/lexikon\/wp-json\/wp\/v2\/product_brand?post=24338"},{"taxonomy":"product_cat","embeddable":true,"href":"https:\/\/uj.adatbank.ro\/lexikon\/wp-json\/wp\/v2\/product_cat?post=24338"},{"taxonomy":"product_tag","embeddable":true,"href":"https:\/\/uj.adatbank.ro\/lexikon\/wp-json\/wp\/v2\/product_tag?post=24338"}],"curies":[{"name":"wp","href":"https:\/\/api.w.org\/{rel}","templated":true}]}}