{"id":24339,"date":"2025-08-01T18:03:42","date_gmt":"2025-08-01T16:03:42","guid":{"rendered":"https:\/\/uj.adatbank.ro\/lexikon\/termek\/vay-borbala-teleki-janosne\/"},"modified":"2025-08-01T18:03:42","modified_gmt":"2025-08-01T16:03:42","slug":"vay-borbala-teleki-janosne","status":"publish","type":"product","link":"https:\/\/uj.adatbank.ro\/lexikon\/termek\/vay-borbala-teleki-janosne\/","title":{"rendered":"VAY Borb\u00e1la, Teleki J\u00e1nosn\u00e9"},"content":{"rendered":"<p>? \u2020\u00a0?: adom\u00e1nyoz\u00f3. \u2013 Vay Mih\u00e1ly \u00e9s malomv\u00edzi Kendeffy M\u00e1ria le\u00e1nya. F\u00e9rje: gr. sz\u00e9ki Teleki J\u00e1nos (1697\u20131772), aki K\u0151v\u00e1r kapit\u00e1nya volt (1744\u2013). \u2013 V\u00e1szon \u00e9s selyem \u00farvacsorai abroszt aj\u00e1nd\u00e9kozott a nagykendi ref. egyh\u00e1zk\u00f6zs\u00e9gnek (1766). <br \/><strong>\u2013 Irod.:<\/strong> K\u00fck\u00fcll\u0151i Ref. Egyh\u00e1zm. 4.<\/br><\/p>\n","protected":false},"excerpt":{"rendered":"<p>? \u2020\u00a0?: adom\u00e1nyoz\u00f3. \u2013 Vay Mih\u00e1ly \u00e9s malomv\u00edzi Kendeffy M\u00e1ria le\u00e1nya. F\u00e9rje: gr. sz\u00e9ki Teleki J\u00e1nos (1697\u20131772), aki K\u0151v\u00e1r kapit\u00e1nya volt (1744\u2013). \u2013 V\u00e1szon \u00e9s selyem \u00farvacsorai abroszt aj\u00e1nd\u00e9kozott a nagykendi ref. egyh\u00e1zk\u00f6zs\u00e9gnek (1766). \u2013 Irod.: K\u00fck\u00fcll\u0151i Ref. Egyh\u00e1zm. 4.<\/p>\n","protected":false},"featured_media":0,"comment_status":"open","ping_status":"closed","template":"","meta":[],"product_brand":[],"product_cat":[137],"product_tag":[],"class_list":{"0":"post-24339","1":"product","2":"type-product","3":"status-publish","5":"product_cat-maros-megyei-eletrajzi-lexikon","7":"first","8":"instock","9":"shipping-taxable","10":"product-type-simple"},"_links":{"self":[{"href":"https:\/\/uj.adatbank.ro\/lexikon\/wp-json\/wp\/v2\/product\/24339","targetHints":{"allow":["GET"]}}],"collection":[{"href":"https:\/\/uj.adatbank.ro\/lexikon\/wp-json\/wp\/v2\/product"}],"about":[{"href":"https:\/\/uj.adatbank.ro\/lexikon\/wp-json\/wp\/v2\/types\/product"}],"replies":[{"embeddable":true,"href":"https:\/\/uj.adatbank.ro\/lexikon\/wp-json\/wp\/v2\/comments?post=24339"}],"wp:attachment":[{"href":"https:\/\/uj.adatbank.ro\/lexikon\/wp-json\/wp\/v2\/media?parent=24339"}],"wp:term":[{"taxonomy":"product_brand","embeddable":true,"href":"https:\/\/uj.adatbank.ro\/lexikon\/wp-json\/wp\/v2\/product_brand?post=24339"},{"taxonomy":"product_cat","embeddable":true,"href":"https:\/\/uj.adatbank.ro\/lexikon\/wp-json\/wp\/v2\/product_cat?post=24339"},{"taxonomy":"product_tag","embeddable":true,"href":"https:\/\/uj.adatbank.ro\/lexikon\/wp-json\/wp\/v2\/product_tag?post=24339"}],"curies":[{"name":"wp","href":"https:\/\/api.w.org\/{rel}","templated":true}]}}