{"id":24340,"date":"2025-08-01T18:03:48","date_gmt":"2025-08-01T16:03:48","guid":{"rendered":"https:\/\/uj.adatbank.ro\/lexikon\/termek\/vay-istvan\/"},"modified":"2025-08-01T18:03:48","modified_gmt":"2025-08-01T16:03:48","slug":"vay-istvan","status":"publish","type":"product","link":"https:\/\/uj.adatbank.ro\/lexikon\/termek\/vay-istvan\/","title":{"rendered":"VAY Istv\u00e1n"},"content":{"rendered":"<p>? \u2020 1999. szept. 1. temet\u00e9se Sepsiszentgy\u00f6rgy\u00f6n szept. 3.: f\u0151orvos. <br \/><strong>\u2013 Irod.:<\/strong> MMK; [Nekrol\u00f3g] (N\u00fa., 1999. szept. 2.).<\/br><\/p>\n","protected":false},"excerpt":{"rendered":"<p>? \u2020 1999. szept. 1. temet\u00e9se Sepsiszentgy\u00f6rgy\u00f6n szept. 3.: f\u0151orvos. \u2013 Irod.: MMK; [Nekrol\u00f3g] (N\u00fa., 1999. szept. 2.).<\/p>\n","protected":false},"featured_media":0,"comment_status":"open","ping_status":"closed","template":"","meta":[],"product_brand":[],"product_cat":[137],"product_tag":[],"class_list":{"0":"post-24340","1":"product","2":"type-product","3":"status-publish","5":"product_cat-maros-megyei-eletrajzi-lexikon","7":"first","8":"instock","9":"shipping-taxable","10":"product-type-simple"},"_links":{"self":[{"href":"https:\/\/uj.adatbank.ro\/lexikon\/wp-json\/wp\/v2\/product\/24340","targetHints":{"allow":["GET"]}}],"collection":[{"href":"https:\/\/uj.adatbank.ro\/lexikon\/wp-json\/wp\/v2\/product"}],"about":[{"href":"https:\/\/uj.adatbank.ro\/lexikon\/wp-json\/wp\/v2\/types\/product"}],"replies":[{"embeddable":true,"href":"https:\/\/uj.adatbank.ro\/lexikon\/wp-json\/wp\/v2\/comments?post=24340"}],"wp:attachment":[{"href":"https:\/\/uj.adatbank.ro\/lexikon\/wp-json\/wp\/v2\/media?parent=24340"}],"wp:term":[{"taxonomy":"product_brand","embeddable":true,"href":"https:\/\/uj.adatbank.ro\/lexikon\/wp-json\/wp\/v2\/product_brand?post=24340"},{"taxonomy":"product_cat","embeddable":true,"href":"https:\/\/uj.adatbank.ro\/lexikon\/wp-json\/wp\/v2\/product_cat?post=24340"},{"taxonomy":"product_tag","embeddable":true,"href":"https:\/\/uj.adatbank.ro\/lexikon\/wp-json\/wp\/v2\/product_tag?post=24340"}],"curies":[{"name":"wp","href":"https:\/\/api.w.org\/{rel}","templated":true}]}}