{"id":24344,"date":"2025-08-01T18:03:56","date_gmt":"2025-08-01T16:03:56","guid":{"rendered":"https:\/\/uj.adatbank.ro\/lexikon\/termek\/vay-mihaly\/"},"modified":"2025-08-01T18:03:56","modified_gmt":"2025-08-01T16:03:56","slug":"vay-mihaly","status":"publish","type":"product","link":"https:\/\/uj.adatbank.ro\/lexikon\/termek\/vay-mihaly\/","title":{"rendered":"VAY Mih\u00e1ly"},"content":{"rendered":"<p>? \u2020\u00a01707.: f\u00f6ldbirtokos. \u2013 Teleki Mih\u00e1ly veje, T. Zsuzsann\u00e1t vette el (1682). Th\u00f6k\u00f6ly p\u00e1rtj\u00e1ra \u00e1llt (1690\u2013), commissariusak\u00e9nt szolg\u00e1lta, k\u00e9s\u0151bb Rabutin beb\u00f6rt\u00f6n\u00f6ztette (1701), kiszabadulva csatlakozott a kuruc felkel\u00e9shez. <br \/><strong>\u2013 Irod.:<\/strong> Teleki Mih\u00e1ly udvartart\u00e1si napl\u00f3ja (1673\u20131681) (Kv., 2007); T\u00fcd\u0151s S. Kinga 2009.<\/br><\/p>\n","protected":false},"excerpt":{"rendered":"<p>? \u2020\u00a01707.: f\u00f6ldbirtokos. \u2013 Teleki Mih\u00e1ly veje, T. Zsuzsann\u00e1t vette el (1682). Th\u00f6k\u00f6ly p\u00e1rtj\u00e1ra \u00e1llt (1690\u2013), commissariusak\u00e9nt szolg\u00e1lta, k\u00e9s\u0151bb Rabutin beb\u00f6rt\u00f6n\u00f6ztette (1701), kiszabadulva csatlakozott a kuruc felkel\u00e9shez. \u2013 Irod.: Teleki Mih\u00e1ly udvartart\u00e1si napl\u00f3ja (1673\u20131681) (Kv., 2007); T\u00fcd\u0151s S. Kinga 2009.<\/p>\n","protected":false},"featured_media":0,"comment_status":"open","ping_status":"closed","template":"","meta":[],"product_brand":[],"product_cat":[137],"product_tag":[],"class_list":{"0":"post-24344","1":"product","2":"type-product","3":"status-publish","5":"product_cat-maros-megyei-eletrajzi-lexikon","7":"first","8":"instock","9":"shipping-taxable","10":"product-type-simple"},"_links":{"self":[{"href":"https:\/\/uj.adatbank.ro\/lexikon\/wp-json\/wp\/v2\/product\/24344","targetHints":{"allow":["GET"]}}],"collection":[{"href":"https:\/\/uj.adatbank.ro\/lexikon\/wp-json\/wp\/v2\/product"}],"about":[{"href":"https:\/\/uj.adatbank.ro\/lexikon\/wp-json\/wp\/v2\/types\/product"}],"replies":[{"embeddable":true,"href":"https:\/\/uj.adatbank.ro\/lexikon\/wp-json\/wp\/v2\/comments?post=24344"}],"wp:attachment":[{"href":"https:\/\/uj.adatbank.ro\/lexikon\/wp-json\/wp\/v2\/media?parent=24344"}],"wp:term":[{"taxonomy":"product_brand","embeddable":true,"href":"https:\/\/uj.adatbank.ro\/lexikon\/wp-json\/wp\/v2\/product_brand?post=24344"},{"taxonomy":"product_cat","embeddable":true,"href":"https:\/\/uj.adatbank.ro\/lexikon\/wp-json\/wp\/v2\/product_cat?post=24344"},{"taxonomy":"product_tag","embeddable":true,"href":"https:\/\/uj.adatbank.ro\/lexikon\/wp-json\/wp\/v2\/product_tag?post=24344"}],"curies":[{"name":"wp","href":"https:\/\/api.w.org\/{rel}","templated":true}]}}