{"id":24347,"date":"2025-08-01T18:04:02","date_gmt":"2025-08-01T16:04:02","guid":{"rendered":"https:\/\/uj.adatbank.ro\/lexikon\/termek\/veber-sandor\/"},"modified":"2025-08-01T18:04:02","modified_gmt":"2025-08-01T16:04:02","slug":"veber-sandor","status":"publish","type":"product","link":"https:\/\/uj.adatbank.ro\/lexikon\/termek\/veber-sandor\/","title":{"rendered":"V\u00c9BER S\u00e1ndor"},"content":{"rendered":"<p>? \u2020 ?: sz\u00e1mtiszt. \u2013 Feles\u00e9ge: Borsos Sus\u00e1na (1818? \u2013 Mv., 1861. nov. 14.). Gyermekeik: V\u00e9ber S\u00e1ndor; V\u00e9ber K\u00e1rolina \u2013 \u00farb\u00e9ri t\u00f6rv\u00e9nysz\u00e9ki \u00fcln\u00f6k Bell Frigyesn\u00e9. \u2013 F\u0151sz\u00e1mvev\u0151s\u00e9gi sz\u00e1mtiszt. <br \/><strong>\u2013 Irod.:<\/strong> Gy\u00e1szjelent\u0151.<\/br><\/p>\n","protected":false},"excerpt":{"rendered":"<p>? \u2020 ?: sz\u00e1mtiszt. \u2013 Feles\u00e9ge: Borsos Sus\u00e1na (1818? \u2013 Mv., 1861. nov. 14.). Gyermekeik: V\u00e9ber S\u00e1ndor; V\u00e9ber K\u00e1rolina \u2013 \u00farb\u00e9ri t\u00f6rv\u00e9nysz\u00e9ki \u00fcln\u00f6k Bell Frigyesn\u00e9. \u2013 F\u0151sz\u00e1mvev\u0151s\u00e9gi sz\u00e1mtiszt. \u2013 Irod.: Gy\u00e1szjelent\u0151.<\/p>\n","protected":false},"featured_media":0,"comment_status":"open","ping_status":"closed","template":"","meta":[],"product_brand":[],"product_cat":[137],"product_tag":[],"class_list":{"0":"post-24347","1":"product","2":"type-product","3":"status-publish","5":"product_cat-maros-megyei-eletrajzi-lexikon","7":"first","8":"instock","9":"shipping-taxable","10":"product-type-simple"},"_links":{"self":[{"href":"https:\/\/uj.adatbank.ro\/lexikon\/wp-json\/wp\/v2\/product\/24347","targetHints":{"allow":["GET"]}}],"collection":[{"href":"https:\/\/uj.adatbank.ro\/lexikon\/wp-json\/wp\/v2\/product"}],"about":[{"href":"https:\/\/uj.adatbank.ro\/lexikon\/wp-json\/wp\/v2\/types\/product"}],"replies":[{"embeddable":true,"href":"https:\/\/uj.adatbank.ro\/lexikon\/wp-json\/wp\/v2\/comments?post=24347"}],"wp:attachment":[{"href":"https:\/\/uj.adatbank.ro\/lexikon\/wp-json\/wp\/v2\/media?parent=24347"}],"wp:term":[{"taxonomy":"product_brand","embeddable":true,"href":"https:\/\/uj.adatbank.ro\/lexikon\/wp-json\/wp\/v2\/product_brand?post=24347"},{"taxonomy":"product_cat","embeddable":true,"href":"https:\/\/uj.adatbank.ro\/lexikon\/wp-json\/wp\/v2\/product_cat?post=24347"},{"taxonomy":"product_tag","embeddable":true,"href":"https:\/\/uj.adatbank.ro\/lexikon\/wp-json\/wp\/v2\/product_tag?post=24347"}],"curies":[{"name":"wp","href":"https:\/\/api.w.org\/{rel}","templated":true}]}}