{"id":24354,"date":"2025-08-01T18:04:17","date_gmt":"2025-08-01T16:04:17","guid":{"rendered":"https:\/\/uj.adatbank.ro\/lexikon\/termek\/vecsi-antal-vechey-antal\/"},"modified":"2025-08-01T18:04:17","modified_gmt":"2025-08-01T16:04:17","slug":"vecsi-antal-vechey-antal","status":"publish","type":"product","link":"https:\/\/uj.adatbank.ro\/lexikon\/termek\/vecsi-antal-vechey-antal\/","title":{"rendered":"V\u00c9CSI Antal; Vechey Antal"},"content":{"rendered":"<p>? \u2020\u00a0?: szerzetes. \u2013 A marosszentkir\u00e1lyi P\u00e1los kolostor priorja (1535). <br \/><strong>\u2013 Irod.:<\/strong> Darvas-Kozma J\u00f3zsef: A p\u00e1losok Erd\u00e9lyben (N\u00fa., Sz\u00ednes Vil\u00e1g, 2011. m\u00e1j. 7.); L\u00e9sty\u00e1n \u2013 templomok; SzOkl, 1 <br \/><strong>\u2013 Irod.:<\/strong> Kiss\u2013P\u00e9terffy\u2013P\u00e9terffy.<\/br><\/p>\n","protected":false},"excerpt":{"rendered":"<p>? \u2020\u00a0?: szerzetes. \u2013 A marosszentkir\u00e1lyi P\u00e1los kolostor priorja (1535). \u2013 Irod.: Darvas-Kozma J\u00f3zsef: A p\u00e1losok Erd\u00e9lyben (N\u00fa., Sz\u00ednes Vil\u00e1g, 2011. m\u00e1j. 7.); L\u00e9sty\u00e1n \u2013 templomok; SzOkl, 1 \u2013 Irod.: Kiss\u2013P\u00e9terffy\u2013P\u00e9terffy.<\/p>\n","protected":false},"featured_media":0,"comment_status":"open","ping_status":"closed","template":"","meta":[],"product_brand":[],"product_cat":[137],"product_tag":[],"class_list":{"0":"post-24354","1":"product","2":"type-product","3":"status-publish","5":"product_cat-maros-megyei-eletrajzi-lexikon","7":"first","8":"instock","9":"shipping-taxable","10":"product-type-simple"},"_links":{"self":[{"href":"https:\/\/uj.adatbank.ro\/lexikon\/wp-json\/wp\/v2\/product\/24354","targetHints":{"allow":["GET"]}}],"collection":[{"href":"https:\/\/uj.adatbank.ro\/lexikon\/wp-json\/wp\/v2\/product"}],"about":[{"href":"https:\/\/uj.adatbank.ro\/lexikon\/wp-json\/wp\/v2\/types\/product"}],"replies":[{"embeddable":true,"href":"https:\/\/uj.adatbank.ro\/lexikon\/wp-json\/wp\/v2\/comments?post=24354"}],"wp:attachment":[{"href":"https:\/\/uj.adatbank.ro\/lexikon\/wp-json\/wp\/v2\/media?parent=24354"}],"wp:term":[{"taxonomy":"product_brand","embeddable":true,"href":"https:\/\/uj.adatbank.ro\/lexikon\/wp-json\/wp\/v2\/product_brand?post=24354"},{"taxonomy":"product_cat","embeddable":true,"href":"https:\/\/uj.adatbank.ro\/lexikon\/wp-json\/wp\/v2\/product_cat?post=24354"},{"taxonomy":"product_tag","embeddable":true,"href":"https:\/\/uj.adatbank.ro\/lexikon\/wp-json\/wp\/v2\/product_tag?post=24354"}],"curies":[{"name":"wp","href":"https:\/\/api.w.org\/{rel}","templated":true}]}}