{"id":24355,"date":"2025-08-01T18:04:20","date_gmt":"2025-08-01T16:04:20","guid":{"rendered":"https:\/\/uj.adatbank.ro\/lexikon\/termek\/veegh-maria-erzsebet-janky-maria-erzsebet-veegh-sandorne\/"},"modified":"2025-08-01T18:04:20","modified_gmt":"2025-08-01T16:04:20","slug":"veegh-maria-erzsebet-janky-maria-erzsebet-veegh-sandorne","status":"publish","type":"product","link":"https:\/\/uj.adatbank.ro\/lexikon\/termek\/veegh-maria-erzsebet-janky-maria-erzsebet-veegh-sandorne\/","title":{"rendered":"VE\u00c9GH M\u00e1ria Erzs\u00e9bet, J\u00e1nky M\u00e1ria Erzs\u00e9bet, Ve\u00e9gh S\u00e1ndorn\u00e9"},"content":{"rendered":"<p>Kiskunhalas (Mo.), 1912. okt. 22., \u2020 Mv., 1996. febr. 5.: tan\u00e1r. \u2013 A bp.-i P\u00e1zm\u00e1ny P\u00e9ter egyetemen v\u00e9gzett matematika szakot (1935). Tan\u00edtott Bp.-en (1936\u201341). Kinevezt\u00e9k a mv.-i Kereskedelmi iskola tan\u00e1r\u00e1nak (1941. szept. 9.\u201348), \u00e1thelyezt\u00e9k a 4. sz. k\u00f6z\u00e9piskol\u00e1ba (1948. okt. 1. \u2013 1959), tan\u00edtott az Unirea-Egyes\u00fcl\u00e9s k\u00f6z\u00e9piskol\u00e1ban (1959. szept. 1. \u2013 1960). Megkezd\u0151d\u00f6tt az egyetemi karrierje: a MOGYI lektora (1951. okt. 1.\u20131960) \u00e9s \u00e1thelyezt\u00e9k a Pedag\u00f3gia F\u0151iskol\u00e1ba a mat. katedr\u00e1n lektor nyugd\u00edjaz\u00e1s\u00e1ig (1960. okt. 1. \u2013 1970. okt. 1.). A Munka \u00c9rdemrend III. Fokozat\u00e1val t\u00fcntett\u00e9k ki (1953). <br \/><strong>\u2013 Irod.:<\/strong> csal\u00e1di inf.; V. S\u00e1ndorn\u00e9: Nekrol\u00f3g (N\u00fa., 1996. febr. 7.).<\/br><\/p>\n","protected":false},"excerpt":{"rendered":"<p>Kiskunhalas (Mo.), 1912. okt. 22., \u2020 Mv., 1996. febr. 5.: tan\u00e1r. \u2013 A bp.-i P\u00e1zm\u00e1ny P\u00e9ter egyetemen v\u00e9gzett matematika szakot (1935). Tan\u00edtott Bp.-en (1936\u201341). Kinevezt\u00e9k a mv.-i Kereskedelmi iskola tan\u00e1r\u00e1nak (1941. szept. 9.\u201348), \u00e1thelyezt\u00e9k a 4. sz. k\u00f6z\u00e9piskol\u00e1ba (1948. okt. 1. \u2013 1959), tan\u00edtott az Unirea-Egyes\u00fcl\u00e9s k\u00f6z\u00e9piskol\u00e1ban (1959. szept. 1. \u2013 1960). Megkezd\u0151d\u00f6tt az egyetemi [&hellip;]<\/p>\n","protected":false},"featured_media":0,"comment_status":"open","ping_status":"closed","template":"","meta":[],"product_brand":[],"product_cat":[137],"product_tag":[],"class_list":{"0":"post-24355","1":"product","2":"type-product","3":"status-publish","5":"product_cat-maros-megyei-eletrajzi-lexikon","7":"first","8":"instock","9":"shipping-taxable","10":"product-type-simple"},"_links":{"self":[{"href":"https:\/\/uj.adatbank.ro\/lexikon\/wp-json\/wp\/v2\/product\/24355","targetHints":{"allow":["GET"]}}],"collection":[{"href":"https:\/\/uj.adatbank.ro\/lexikon\/wp-json\/wp\/v2\/product"}],"about":[{"href":"https:\/\/uj.adatbank.ro\/lexikon\/wp-json\/wp\/v2\/types\/product"}],"replies":[{"embeddable":true,"href":"https:\/\/uj.adatbank.ro\/lexikon\/wp-json\/wp\/v2\/comments?post=24355"}],"wp:attachment":[{"href":"https:\/\/uj.adatbank.ro\/lexikon\/wp-json\/wp\/v2\/media?parent=24355"}],"wp:term":[{"taxonomy":"product_brand","embeddable":true,"href":"https:\/\/uj.adatbank.ro\/lexikon\/wp-json\/wp\/v2\/product_brand?post=24355"},{"taxonomy":"product_cat","embeddable":true,"href":"https:\/\/uj.adatbank.ro\/lexikon\/wp-json\/wp\/v2\/product_cat?post=24355"},{"taxonomy":"product_tag","embeddable":true,"href":"https:\/\/uj.adatbank.ro\/lexikon\/wp-json\/wp\/v2\/product_tag?post=24355"}],"curies":[{"name":"wp","href":"https:\/\/api.w.org\/{rel}","templated":true}]}}