{"id":24359,"date":"2025-08-01T18:04:28","date_gmt":"2025-08-01T16:04:28","guid":{"rendered":"https:\/\/uj.adatbank.ro\/lexikon\/termek\/veer-gyorgy\/"},"modified":"2025-08-01T18:04:28","modified_gmt":"2025-08-01T16:04:28","slug":"veer-gyorgy","status":"publish","type":"product","link":"https:\/\/uj.adatbank.ro\/lexikon\/termek\/veer-gyorgy\/","title":{"rendered":"VE\u00c9R Gy\u00f6rgy"},"content":{"rendered":"<p>1600? (v. 1609) \u2020 1671? (v. 1651): borosjen\u0151i f\u0151kapit\u00e1ny, csejtei v\u00e1rnagy. \u2013 V. Mih\u00e1ly \u00e9s gr. Kornis Anna fia. Feles\u00e9ge: Bog\u00e1thy Zsuzsa. Gyermekeik: Gy\u00f6rgy (1650\u20131681) \u2013 Feles\u00e9ge Vajda Kata, Bessenyei M\u00e1ria, Judit \u2013 Teleki Mih\u00e1lyn\u00e9 (1641\u20131707), Krisztina \u2013 B\u00e1nffy Zsigmondn\u00e9 (1649\u20131679), Anna \u2013 Pekry Ferencn\u00e9 (1651\u20131676). Hatalmas vagyona \u00e9s tekint\u00e9lye volt. <br \/><strong>\u2013 Irod.:<\/strong> Nagy Iv\u00e1n; Teleki Mih\u00e1ly levelez\u00e9se 1. (Bp., 1906\u201316); Ve\u00e9r csal\u00e1d; Veress Endre 1917.<\/br><\/p>\n","protected":false},"excerpt":{"rendered":"<p>1600? (v. 1609) \u2020 1671? (v. 1651): borosjen\u0151i f\u0151kapit\u00e1ny, csejtei v\u00e1rnagy. \u2013 V. Mih\u00e1ly \u00e9s gr. Kornis Anna fia. Feles\u00e9ge: Bog\u00e1thy Zsuzsa. Gyermekeik: Gy\u00f6rgy (1650\u20131681) \u2013 Feles\u00e9ge Vajda Kata, Bessenyei M\u00e1ria, Judit \u2013 Teleki Mih\u00e1lyn\u00e9 (1641\u20131707), Krisztina \u2013 B\u00e1nffy Zsigmondn\u00e9 (1649\u20131679), Anna \u2013 Pekry Ferencn\u00e9 (1651\u20131676). Hatalmas vagyona \u00e9s tekint\u00e9lye volt. \u2013 Irod.: Nagy Iv\u00e1n; [&hellip;]<\/p>\n","protected":false},"featured_media":0,"comment_status":"open","ping_status":"closed","template":"","meta":[],"product_brand":[],"product_cat":[137],"product_tag":[],"class_list":{"0":"post-24359","1":"product","2":"type-product","3":"status-publish","5":"product_cat-maros-megyei-eletrajzi-lexikon","7":"first","8":"instock","9":"shipping-taxable","10":"product-type-simple"},"_links":{"self":[{"href":"https:\/\/uj.adatbank.ro\/lexikon\/wp-json\/wp\/v2\/product\/24359","targetHints":{"allow":["GET"]}}],"collection":[{"href":"https:\/\/uj.adatbank.ro\/lexikon\/wp-json\/wp\/v2\/product"}],"about":[{"href":"https:\/\/uj.adatbank.ro\/lexikon\/wp-json\/wp\/v2\/types\/product"}],"replies":[{"embeddable":true,"href":"https:\/\/uj.adatbank.ro\/lexikon\/wp-json\/wp\/v2\/comments?post=24359"}],"wp:attachment":[{"href":"https:\/\/uj.adatbank.ro\/lexikon\/wp-json\/wp\/v2\/media?parent=24359"}],"wp:term":[{"taxonomy":"product_brand","embeddable":true,"href":"https:\/\/uj.adatbank.ro\/lexikon\/wp-json\/wp\/v2\/product_brand?post=24359"},{"taxonomy":"product_cat","embeddable":true,"href":"https:\/\/uj.adatbank.ro\/lexikon\/wp-json\/wp\/v2\/product_cat?post=24359"},{"taxonomy":"product_tag","embeddable":true,"href":"https:\/\/uj.adatbank.ro\/lexikon\/wp-json\/wp\/v2\/product_tag?post=24359"}],"curies":[{"name":"wp","href":"https:\/\/api.w.org\/{rel}","templated":true}]}}