{"id":24363,"date":"2025-08-01T18:04:37","date_gmt":"2025-08-01T16:04:37","guid":{"rendered":"https:\/\/uj.adatbank.ro\/lexikon\/termek\/veer-zsigmond-ver-korostarcsai\/"},"modified":"2025-08-01T18:04:37","modified_gmt":"2025-08-01T16:04:37","slug":"veer-zsigmond-ver-korostarcsai","status":"publish","type":"product","link":"https:\/\/uj.adatbank.ro\/lexikon\/termek\/veer-zsigmond-ver-korostarcsai\/","title":{"rendered":"VE\u00c9R Zsigmond, V\u00e9r, k\u00f6r\u00f6starcsai"},"content":{"rendered":"<p>? \u2020\u00a0V\u00e1rhely, 1659: nemes birtokos. \u2013 V. G\u00e1sp\u00e1r \u00e9s \u00d6rd\u00f6g Anna fia. II. R\u00e1k\u00f3czi Gy\u00f6rgy h\u00edve, szolg\u00e1lat\u00e1ban esett el a v\u00e1rhelyi csat\u00e1ban. Mv.-i <br \/><strong>\u2013 Irod.:<\/strong> Kraus: Erd\u00e9lyi kr\u00f3nika; Nagy Iv\u00e1n; Teleki Mih\u00e1ly levelez\u00e9se 1. (Bp., 1906\u201316).<\/br><\/p>\n","protected":false},"excerpt":{"rendered":"<p>? \u2020\u00a0V\u00e1rhely, 1659: nemes birtokos. \u2013 V. G\u00e1sp\u00e1r \u00e9s \u00d6rd\u00f6g Anna fia. II. R\u00e1k\u00f3czi Gy\u00f6rgy h\u00edve, szolg\u00e1lat\u00e1ban esett el a v\u00e1rhelyi csat\u00e1ban. Mv.-i \u2013 Irod.: Kraus: Erd\u00e9lyi kr\u00f3nika; Nagy Iv\u00e1n; Teleki Mih\u00e1ly levelez\u00e9se 1. (Bp., 1906\u201316).<\/p>\n","protected":false},"featured_media":0,"comment_status":"open","ping_status":"closed","template":"","meta":[],"product_brand":[],"product_cat":[137],"product_tag":[],"class_list":{"0":"post-24363","1":"product","2":"type-product","3":"status-publish","5":"product_cat-maros-megyei-eletrajzi-lexikon","7":"first","8":"instock","9":"shipping-taxable","10":"product-type-simple"},"_links":{"self":[{"href":"https:\/\/uj.adatbank.ro\/lexikon\/wp-json\/wp\/v2\/product\/24363","targetHints":{"allow":["GET"]}}],"collection":[{"href":"https:\/\/uj.adatbank.ro\/lexikon\/wp-json\/wp\/v2\/product"}],"about":[{"href":"https:\/\/uj.adatbank.ro\/lexikon\/wp-json\/wp\/v2\/types\/product"}],"replies":[{"embeddable":true,"href":"https:\/\/uj.adatbank.ro\/lexikon\/wp-json\/wp\/v2\/comments?post=24363"}],"wp:attachment":[{"href":"https:\/\/uj.adatbank.ro\/lexikon\/wp-json\/wp\/v2\/media?parent=24363"}],"wp:term":[{"taxonomy":"product_brand","embeddable":true,"href":"https:\/\/uj.adatbank.ro\/lexikon\/wp-json\/wp\/v2\/product_brand?post=24363"},{"taxonomy":"product_cat","embeddable":true,"href":"https:\/\/uj.adatbank.ro\/lexikon\/wp-json\/wp\/v2\/product_cat?post=24363"},{"taxonomy":"product_tag","embeddable":true,"href":"https:\/\/uj.adatbank.ro\/lexikon\/wp-json\/wp\/v2\/product_tag?post=24363"}],"curies":[{"name":"wp","href":"https:\/\/api.w.org\/{rel}","templated":true}]}}