{"id":24366,"date":"2025-08-01T18:04:43","date_gmt":"2025-08-01T16:04:43","guid":{"rendered":"https:\/\/uj.adatbank.ro\/lexikon\/termek\/vegh-albert\/"},"modified":"2025-08-01T18:04:43","modified_gmt":"2025-08-01T16:04:43","slug":"vegh-albert","status":"publish","type":"product","link":"https:\/\/uj.adatbank.ro\/lexikon\/termek\/vegh-albert\/","title":{"rendered":"V\u00c9GH Albert"},"content":{"rendered":"<p>1910 \u2020\u00a01968: orvos. \u2013 Kv.-on v\u00e9gzi az orvosi egyetemet (1940). Mv.-en az I. sz. Belgy\u00f3gy\u00e1szaton dolgozik, tan\u00e1rseg\u00e9d a 60-as \u00e9vek elej\u00e9n. <br \/><strong>\u2013 Irod.:<\/strong> Kiss\u2013P\u00e9terffy\u2013P\u00e9terffy.<\/br><\/p>\n","protected":false},"excerpt":{"rendered":"<p>1910 \u2020\u00a01968: orvos. \u2013 Kv.-on v\u00e9gzi az orvosi egyetemet (1940). Mv.-en az I. sz. Belgy\u00f3gy\u00e1szaton dolgozik, tan\u00e1rseg\u00e9d a 60-as \u00e9vek elej\u00e9n. \u2013 Irod.: Kiss\u2013P\u00e9terffy\u2013P\u00e9terffy.<\/p>\n","protected":false},"featured_media":0,"comment_status":"open","ping_status":"closed","template":"","meta":[],"product_brand":[],"product_cat":[137],"product_tag":[],"class_list":{"0":"post-24366","1":"product","2":"type-product","3":"status-publish","5":"product_cat-maros-megyei-eletrajzi-lexikon","7":"first","8":"instock","9":"shipping-taxable","10":"product-type-simple"},"_links":{"self":[{"href":"https:\/\/uj.adatbank.ro\/lexikon\/wp-json\/wp\/v2\/product\/24366","targetHints":{"allow":["GET"]}}],"collection":[{"href":"https:\/\/uj.adatbank.ro\/lexikon\/wp-json\/wp\/v2\/product"}],"about":[{"href":"https:\/\/uj.adatbank.ro\/lexikon\/wp-json\/wp\/v2\/types\/product"}],"replies":[{"embeddable":true,"href":"https:\/\/uj.adatbank.ro\/lexikon\/wp-json\/wp\/v2\/comments?post=24366"}],"wp:attachment":[{"href":"https:\/\/uj.adatbank.ro\/lexikon\/wp-json\/wp\/v2\/media?parent=24366"}],"wp:term":[{"taxonomy":"product_brand","embeddable":true,"href":"https:\/\/uj.adatbank.ro\/lexikon\/wp-json\/wp\/v2\/product_brand?post=24366"},{"taxonomy":"product_cat","embeddable":true,"href":"https:\/\/uj.adatbank.ro\/lexikon\/wp-json\/wp\/v2\/product_cat?post=24366"},{"taxonomy":"product_tag","embeddable":true,"href":"https:\/\/uj.adatbank.ro\/lexikon\/wp-json\/wp\/v2\/product_tag?post=24366"}],"curies":[{"name":"wp","href":"https:\/\/api.w.org\/{rel}","templated":true}]}}