{"id":24368,"date":"2025-08-01T18:04:48","date_gmt":"2025-08-01T16:04:48","guid":{"rendered":"https:\/\/uj.adatbank.ro\/lexikon\/termek\/vegh-ferenc-adamosi\/"},"modified":"2025-08-01T18:04:48","modified_gmt":"2025-08-01T16:04:48","slug":"vegh-ferenc-adamosi","status":"publish","type":"product","link":"https:\/\/uj.adatbank.ro\/lexikon\/termek\/vegh-ferenc-adamosi\/","title":{"rendered":"V\u00c9GH Ferenc, \u00e1d\u00e1mosi"},"content":{"rendered":"<p>? 1640\u201350 k\u00f6z\u00f6tt \u2020\u00a0? 1720 elej\u00e9n: szolgab\u00edr\u00f3. \u2013 Maga szerezte nemess\u00e9g\u00e9t, miut\u00e1n Szamosfalvi Mikola L\u00e1szl\u00f3 \u00e9s testv\u00e9re \u00c1gnes f\u00f6lszabad\u00edtott\u00e1k. Egy ideig a fejedelmi kancell\u00e1ri\u00e1n\u00e1l szolg\u00e1lt, majd K\u00fck\u00fcll\u0151 megy\u00e9ben volt szolgab\u00edr\u00f3 \u00e9s biztos. N\u00e9gyszer h\u00e1zasodott. Els\u0151 feles\u00e9ge D\u00e9sfalvi Simon Kata. Val\u00f3sz\u00edn\u0171leg ennek kedv\u00e9\u00e9rt \u00e9s birtok\u00e1ra k\u00f6lt\u00f6zhetett D\u00e9zsfalv\u00e1ra, ahol 1691-ben m\u00e1r ott volt. Harmadik h\u00e1zass\u00e1g\u00e1b\u00f3l sz\u00fcletett Zsigmond nev\u0171 fia, akit\u0151l a mai V\u00e9ghek sz\u00e1rmaznak. <br \/><strong>\u2013 Irod.:<\/strong> Kelemen Lajos 2006.<\/br><\/p>\n","protected":false},"excerpt":{"rendered":"<p>? 1640\u201350 k\u00f6z\u00f6tt \u2020\u00a0? 1720 elej\u00e9n: szolgab\u00edr\u00f3. \u2013 Maga szerezte nemess\u00e9g\u00e9t, miut\u00e1n Szamosfalvi Mikola L\u00e1szl\u00f3 \u00e9s testv\u00e9re \u00c1gnes f\u00f6lszabad\u00edtott\u00e1k. Egy ideig a fejedelmi kancell\u00e1ri\u00e1n\u00e1l szolg\u00e1lt, majd K\u00fck\u00fcll\u0151 megy\u00e9ben volt szolgab\u00edr\u00f3 \u00e9s biztos. N\u00e9gyszer h\u00e1zasodott. Els\u0151 feles\u00e9ge D\u00e9sfalvi Simon Kata. Val\u00f3sz\u00edn\u0171leg ennek kedv\u00e9\u00e9rt \u00e9s birtok\u00e1ra k\u00f6lt\u00f6zhetett D\u00e9zsfalv\u00e1ra, ahol 1691-ben m\u00e1r ott volt. Harmadik h\u00e1zass\u00e1g\u00e1b\u00f3l sz\u00fcletett Zsigmond [&hellip;]<\/p>\n","protected":false},"featured_media":0,"comment_status":"open","ping_status":"closed","template":"","meta":[],"product_brand":[],"product_cat":[137],"product_tag":[],"class_list":{"0":"post-24368","1":"product","2":"type-product","3":"status-publish","5":"product_cat-maros-megyei-eletrajzi-lexikon","7":"first","8":"instock","9":"shipping-taxable","10":"product-type-simple"},"_links":{"self":[{"href":"https:\/\/uj.adatbank.ro\/lexikon\/wp-json\/wp\/v2\/product\/24368","targetHints":{"allow":["GET"]}}],"collection":[{"href":"https:\/\/uj.adatbank.ro\/lexikon\/wp-json\/wp\/v2\/product"}],"about":[{"href":"https:\/\/uj.adatbank.ro\/lexikon\/wp-json\/wp\/v2\/types\/product"}],"replies":[{"embeddable":true,"href":"https:\/\/uj.adatbank.ro\/lexikon\/wp-json\/wp\/v2\/comments?post=24368"}],"wp:attachment":[{"href":"https:\/\/uj.adatbank.ro\/lexikon\/wp-json\/wp\/v2\/media?parent=24368"}],"wp:term":[{"taxonomy":"product_brand","embeddable":true,"href":"https:\/\/uj.adatbank.ro\/lexikon\/wp-json\/wp\/v2\/product_brand?post=24368"},{"taxonomy":"product_cat","embeddable":true,"href":"https:\/\/uj.adatbank.ro\/lexikon\/wp-json\/wp\/v2\/product_cat?post=24368"},{"taxonomy":"product_tag","embeddable":true,"href":"https:\/\/uj.adatbank.ro\/lexikon\/wp-json\/wp\/v2\/product_tag?post=24368"}],"curies":[{"name":"wp","href":"https:\/\/api.w.org\/{rel}","templated":true}]}}