{"id":24369,"date":"2025-08-01T18:04:50","date_gmt":"2025-08-01T16:04:50","guid":{"rendered":"https:\/\/uj.adatbank.ro\/lexikon\/termek\/vegh-ferenc-adamosi-2\/"},"modified":"2025-08-01T18:04:50","modified_gmt":"2025-08-01T16:04:50","slug":"vegh-ferenc-adamosi-2","status":"publish","type":"product","link":"https:\/\/uj.adatbank.ro\/lexikon\/termek\/vegh-ferenc-adamosi-2\/","title":{"rendered":"V\u00c9GH Ferenc, \u00e1d\u00e1mosi"},"content":{"rendered":"<p>1863? \u2020 Bp., 1921. dec. 20.: b\u00edr\u00f3. \u2013 Testv\u00e9rei: V. Albertn\u00e9; B. Farkasn\u00e9; De\u00e1k Gyul\u00e1n\u00e9; V. J\u00f3zsef, V. Ilona. Feles\u00e9ge: Kolesz\u00e1r Ilona. Gyermekeik: Zolt\u00e1n, L\u00f3r\u00e1nd, Gy\u00f6rgy. \u2013 Kir. k\u00fariai b\u00edr\u00f3 c\u00edmmel \u00e9s jelleggel felruh\u00e1zott kir. \u00edt\u00e9l\u0151t\u00e1blai b\u00edr\u00f3. <br \/><strong>\u2013 Irod.:<\/strong> Gy\u00e1szjelent\u0151.<\/br><\/p>\n","protected":false},"excerpt":{"rendered":"<p>1863? \u2020 Bp., 1921. dec. 20.: b\u00edr\u00f3. \u2013 Testv\u00e9rei: V. Albertn\u00e9; B. Farkasn\u00e9; De\u00e1k Gyul\u00e1n\u00e9; V. J\u00f3zsef, V. Ilona. Feles\u00e9ge: Kolesz\u00e1r Ilona. Gyermekeik: Zolt\u00e1n, L\u00f3r\u00e1nd, Gy\u00f6rgy. \u2013 Kir. k\u00fariai b\u00edr\u00f3 c\u00edmmel \u00e9s jelleggel felruh\u00e1zott kir. \u00edt\u00e9l\u0151t\u00e1blai b\u00edr\u00f3. \u2013 Irod.: Gy\u00e1szjelent\u0151.<\/p>\n","protected":false},"featured_media":0,"comment_status":"open","ping_status":"closed","template":"","meta":[],"product_brand":[],"product_cat":[137],"product_tag":[],"class_list":{"0":"post-24369","1":"product","2":"type-product","3":"status-publish","5":"product_cat-maros-megyei-eletrajzi-lexikon","7":"first","8":"instock","9":"shipping-taxable","10":"product-type-simple"},"_links":{"self":[{"href":"https:\/\/uj.adatbank.ro\/lexikon\/wp-json\/wp\/v2\/product\/24369","targetHints":{"allow":["GET"]}}],"collection":[{"href":"https:\/\/uj.adatbank.ro\/lexikon\/wp-json\/wp\/v2\/product"}],"about":[{"href":"https:\/\/uj.adatbank.ro\/lexikon\/wp-json\/wp\/v2\/types\/product"}],"replies":[{"embeddable":true,"href":"https:\/\/uj.adatbank.ro\/lexikon\/wp-json\/wp\/v2\/comments?post=24369"}],"wp:attachment":[{"href":"https:\/\/uj.adatbank.ro\/lexikon\/wp-json\/wp\/v2\/media?parent=24369"}],"wp:term":[{"taxonomy":"product_brand","embeddable":true,"href":"https:\/\/uj.adatbank.ro\/lexikon\/wp-json\/wp\/v2\/product_brand?post=24369"},{"taxonomy":"product_cat","embeddable":true,"href":"https:\/\/uj.adatbank.ro\/lexikon\/wp-json\/wp\/v2\/product_cat?post=24369"},{"taxonomy":"product_tag","embeddable":true,"href":"https:\/\/uj.adatbank.ro\/lexikon\/wp-json\/wp\/v2\/product_tag?post=24369"}],"curies":[{"name":"wp","href":"https:\/\/api.w.org\/{rel}","templated":true}]}}