{"id":24370,"date":"2025-08-01T18:04:52","date_gmt":"2025-08-01T16:04:52","guid":{"rendered":"https:\/\/uj.adatbank.ro\/lexikon\/termek\/vegh-istvan\/"},"modified":"2025-08-01T18:04:52","modified_gmt":"2025-08-01T16:04:52","slug":"vegh-istvan","status":"publish","type":"product","link":"https:\/\/uj.adatbank.ro\/lexikon\/termek\/vegh-istvan\/","title":{"rendered":"V\u00c9GH Istv\u00e1n"},"content":{"rendered":"<p>? \u2020 ?: sz\u00e1zados. \u2013 V\u00e9gh Domokos \u00e9s Kelemen Ilona fia (1861? \u2013 1914. jan. 1.). Testv\u00e9rei: V. Anna \u2013 honv\u00e9dsz\u00e1zados Bel\u00e9nyesy S\u00e1ndorn\u00e9; V. Ilonka \u2013 Kolozsv\u00e1ri Istv\u00e1nn\u00e9 \u00e9s V. Margit. \u2013 M. kir. honv\u00e9d husz\u00e1rsz\u00e1zados. <br \/><strong>\u2013 Irod.:<\/strong> Gy\u00e1szjelent\u0151.<\/br><\/p>\n","protected":false},"excerpt":{"rendered":"<p>? \u2020 ?: sz\u00e1zados. \u2013 V\u00e9gh Domokos \u00e9s Kelemen Ilona fia (1861? \u2013 1914. jan. 1.). Testv\u00e9rei: V. Anna \u2013 honv\u00e9dsz\u00e1zados Bel\u00e9nyesy S\u00e1ndorn\u00e9; V. Ilonka \u2013 Kolozsv\u00e1ri Istv\u00e1nn\u00e9 \u00e9s V. Margit. \u2013 M. kir. honv\u00e9d husz\u00e1rsz\u00e1zados. \u2013 Irod.: Gy\u00e1szjelent\u0151.<\/p>\n","protected":false},"featured_media":0,"comment_status":"open","ping_status":"closed","template":"","meta":[],"product_brand":[],"product_cat":[137],"product_tag":[],"class_list":{"0":"post-24370","1":"product","2":"type-product","3":"status-publish","5":"product_cat-maros-megyei-eletrajzi-lexikon","7":"first","8":"instock","9":"shipping-taxable","10":"product-type-simple"},"_links":{"self":[{"href":"https:\/\/uj.adatbank.ro\/lexikon\/wp-json\/wp\/v2\/product\/24370","targetHints":{"allow":["GET"]}}],"collection":[{"href":"https:\/\/uj.adatbank.ro\/lexikon\/wp-json\/wp\/v2\/product"}],"about":[{"href":"https:\/\/uj.adatbank.ro\/lexikon\/wp-json\/wp\/v2\/types\/product"}],"replies":[{"embeddable":true,"href":"https:\/\/uj.adatbank.ro\/lexikon\/wp-json\/wp\/v2\/comments?post=24370"}],"wp:attachment":[{"href":"https:\/\/uj.adatbank.ro\/lexikon\/wp-json\/wp\/v2\/media?parent=24370"}],"wp:term":[{"taxonomy":"product_brand","embeddable":true,"href":"https:\/\/uj.adatbank.ro\/lexikon\/wp-json\/wp\/v2\/product_brand?post=24370"},{"taxonomy":"product_cat","embeddable":true,"href":"https:\/\/uj.adatbank.ro\/lexikon\/wp-json\/wp\/v2\/product_cat?post=24370"},{"taxonomy":"product_tag","embeddable":true,"href":"https:\/\/uj.adatbank.ro\/lexikon\/wp-json\/wp\/v2\/product_tag?post=24370"}],"curies":[{"name":"wp","href":"https:\/\/api.w.org\/{rel}","templated":true}]}}