{"id":24375,"date":"2025-08-01T18:05:02","date_gmt":"2025-08-01T16:05:02","guid":{"rendered":"https:\/\/uj.adatbank.ro\/lexikon\/termek\/vegh-karoly-2\/"},"modified":"2025-08-01T18:05:02","modified_gmt":"2025-08-01T16:05:02","slug":"vegh-karoly-2","status":"publish","type":"product","link":"https:\/\/uj.adatbank.ro\/lexikon\/termek\/vegh-karoly-2\/","title":{"rendered":"V\u00c9GH K\u00e1roly"},"content":{"rendered":"<p>Mv., 1906., \u2020\u00a0?: asztalos, vend\u00e9gl\u0151s. \u2013 Mv.-en v\u00e9gezte iskol\u00e1it, mint asztalosinas kezdte p\u00e1lyafut\u00e1s\u00e1t, fel is szabadult \u00e9s \u00f6n\u00e1ll\u00f3 mester lett. Ipara mellett vend\u00e9gl\u0151je is volt. A mv.-i Asztalos Ipart\u00e1rsulat v\u00e1lasztm\u00e1nyi tagja, a kult\u00faregyes\u00fcletek t\u00e1mogat\u00f3ja volt. <br \/><strong>\u2013 Irod.:<\/strong> Sz\u00e9kelyf\u00f6ld \u00ed. k.<\/br><\/p>\n","protected":false},"excerpt":{"rendered":"<p>Mv., 1906., \u2020\u00a0?: asztalos, vend\u00e9gl\u0151s. \u2013 Mv.-en v\u00e9gezte iskol\u00e1it, mint asztalosinas kezdte p\u00e1lyafut\u00e1s\u00e1t, fel is szabadult \u00e9s \u00f6n\u00e1ll\u00f3 mester lett. Ipara mellett vend\u00e9gl\u0151je is volt. A mv.-i Asztalos Ipart\u00e1rsulat v\u00e1lasztm\u00e1nyi tagja, a kult\u00faregyes\u00fcletek t\u00e1mogat\u00f3ja volt. \u2013 Irod.: Sz\u00e9kelyf\u00f6ld \u00ed. k.<\/p>\n","protected":false},"featured_media":0,"comment_status":"open","ping_status":"closed","template":"","meta":[],"product_brand":[],"product_cat":[137],"product_tag":[],"class_list":{"0":"post-24375","1":"product","2":"type-product","3":"status-publish","5":"product_cat-maros-megyei-eletrajzi-lexikon","7":"first","8":"instock","9":"shipping-taxable","10":"product-type-simple"},"_links":{"self":[{"href":"https:\/\/uj.adatbank.ro\/lexikon\/wp-json\/wp\/v2\/product\/24375","targetHints":{"allow":["GET"]}}],"collection":[{"href":"https:\/\/uj.adatbank.ro\/lexikon\/wp-json\/wp\/v2\/product"}],"about":[{"href":"https:\/\/uj.adatbank.ro\/lexikon\/wp-json\/wp\/v2\/types\/product"}],"replies":[{"embeddable":true,"href":"https:\/\/uj.adatbank.ro\/lexikon\/wp-json\/wp\/v2\/comments?post=24375"}],"wp:attachment":[{"href":"https:\/\/uj.adatbank.ro\/lexikon\/wp-json\/wp\/v2\/media?parent=24375"}],"wp:term":[{"taxonomy":"product_brand","embeddable":true,"href":"https:\/\/uj.adatbank.ro\/lexikon\/wp-json\/wp\/v2\/product_brand?post=24375"},{"taxonomy":"product_cat","embeddable":true,"href":"https:\/\/uj.adatbank.ro\/lexikon\/wp-json\/wp\/v2\/product_cat?post=24375"},{"taxonomy":"product_tag","embeddable":true,"href":"https:\/\/uj.adatbank.ro\/lexikon\/wp-json\/wp\/v2\/product_tag?post=24375"}],"curies":[{"name":"wp","href":"https:\/\/api.w.org\/{rel}","templated":true}]}}