{"id":24376,"date":"2025-08-01T18:05:05","date_gmt":"2025-08-01T16:05:05","guid":{"rendered":"https:\/\/uj.adatbank.ro\/lexikon\/termek\/vegh-maria\/"},"modified":"2025-08-01T18:05:05","modified_gmt":"2025-08-01T16:05:05","slug":"vegh-maria","status":"publish","type":"product","link":"https:\/\/uj.adatbank.ro\/lexikon\/termek\/vegh-maria\/","title":{"rendered":"V\u00c9GH M\u00e1ria"},"content":{"rendered":"<p>?, \u2020\u00a0?: tan\u00e1r. \u2013 A mv.-i majd sz\u00e1szr\u00e9geni \u00c1llami M. Tannyelv\u0171 Tan\u00edt\u00f3n\u0151k\u00e9pz\u0151 tan\u00e1ra, r\u00f6vid ideig igazgat\u00f3ja (1948. \u00e1pr. 18. \u2013 1948. okt.). <br \/><strong>\u2013 Irod.:<\/strong> Csern\u00e1toni.<\/br><\/p>\n","protected":false},"excerpt":{"rendered":"<p>?, \u2020\u00a0?: tan\u00e1r. \u2013 A mv.-i majd sz\u00e1szr\u00e9geni \u00c1llami M. Tannyelv\u0171 Tan\u00edt\u00f3n\u0151k\u00e9pz\u0151 tan\u00e1ra, r\u00f6vid ideig igazgat\u00f3ja (1948. \u00e1pr. 18. \u2013 1948. okt.). \u2013 Irod.: Csern\u00e1toni.<\/p>\n","protected":false},"featured_media":0,"comment_status":"open","ping_status":"closed","template":"","meta":[],"product_brand":[],"product_cat":[137],"product_tag":[],"class_list":{"0":"post-24376","1":"product","2":"type-product","3":"status-publish","5":"product_cat-maros-megyei-eletrajzi-lexikon","7":"first","8":"instock","9":"shipping-taxable","10":"product-type-simple"},"_links":{"self":[{"href":"https:\/\/uj.adatbank.ro\/lexikon\/wp-json\/wp\/v2\/product\/24376","targetHints":{"allow":["GET"]}}],"collection":[{"href":"https:\/\/uj.adatbank.ro\/lexikon\/wp-json\/wp\/v2\/product"}],"about":[{"href":"https:\/\/uj.adatbank.ro\/lexikon\/wp-json\/wp\/v2\/types\/product"}],"replies":[{"embeddable":true,"href":"https:\/\/uj.adatbank.ro\/lexikon\/wp-json\/wp\/v2\/comments?post=24376"}],"wp:attachment":[{"href":"https:\/\/uj.adatbank.ro\/lexikon\/wp-json\/wp\/v2\/media?parent=24376"}],"wp:term":[{"taxonomy":"product_brand","embeddable":true,"href":"https:\/\/uj.adatbank.ro\/lexikon\/wp-json\/wp\/v2\/product_brand?post=24376"},{"taxonomy":"product_cat","embeddable":true,"href":"https:\/\/uj.adatbank.ro\/lexikon\/wp-json\/wp\/v2\/product_cat?post=24376"},{"taxonomy":"product_tag","embeddable":true,"href":"https:\/\/uj.adatbank.ro\/lexikon\/wp-json\/wp\/v2\/product_tag?post=24376"}],"curies":[{"name":"wp","href":"https:\/\/api.w.org\/{rel}","templated":true}]}}