{"id":24379,"date":"2025-08-01T18:05:11","date_gmt":"2025-08-01T16:05:11","guid":{"rendered":"https:\/\/uj.adatbank.ro\/lexikon\/termek\/vegh-pal\/"},"modified":"2025-08-01T18:05:11","modified_gmt":"2025-08-01T16:05:11","slug":"vegh-pal","status":"publish","type":"product","link":"https:\/\/uj.adatbank.ro\/lexikon\/termek\/vegh-pal\/","title":{"rendered":"V\u00c9GH P\u00e1l"},"content":{"rendered":"<p>Segesv\u00e1r, 1826? \u2020\u00a0?: egyetemi hallgat\u00f3. \u2013 Apja, Godorfred, jegyz\u0151. \u2013 Iskolai tanulm\u00e1nyai ut\u00e1n, gy\u00f3gyszer\u00e9szinas volt. Pesten gy\u00f3gyszer\u00e9szn\u00f6vend\u00e9k (1845\u201346). <br \/><strong>\u2013 Irod.:<\/strong> Szab\u00f3 Mikl\u00f3s 2005.<\/br><\/p>\n","protected":false},"excerpt":{"rendered":"<p>Segesv\u00e1r, 1826? \u2020\u00a0?: egyetemi hallgat\u00f3. \u2013 Apja, Godorfred, jegyz\u0151. \u2013 Iskolai tanulm\u00e1nyai ut\u00e1n, gy\u00f3gyszer\u00e9szinas volt. Pesten gy\u00f3gyszer\u00e9szn\u00f6vend\u00e9k (1845\u201346). \u2013 Irod.: Szab\u00f3 Mikl\u00f3s 2005.<\/p>\n","protected":false},"featured_media":0,"comment_status":"open","ping_status":"closed","template":"","meta":[],"product_brand":[],"product_cat":[137],"product_tag":[],"class_list":{"0":"post-24379","1":"product","2":"type-product","3":"status-publish","5":"product_cat-maros-megyei-eletrajzi-lexikon","7":"first","8":"instock","9":"shipping-taxable","10":"product-type-simple"},"_links":{"self":[{"href":"https:\/\/uj.adatbank.ro\/lexikon\/wp-json\/wp\/v2\/product\/24379","targetHints":{"allow":["GET"]}}],"collection":[{"href":"https:\/\/uj.adatbank.ro\/lexikon\/wp-json\/wp\/v2\/product"}],"about":[{"href":"https:\/\/uj.adatbank.ro\/lexikon\/wp-json\/wp\/v2\/types\/product"}],"replies":[{"embeddable":true,"href":"https:\/\/uj.adatbank.ro\/lexikon\/wp-json\/wp\/v2\/comments?post=24379"}],"wp:attachment":[{"href":"https:\/\/uj.adatbank.ro\/lexikon\/wp-json\/wp\/v2\/media?parent=24379"}],"wp:term":[{"taxonomy":"product_brand","embeddable":true,"href":"https:\/\/uj.adatbank.ro\/lexikon\/wp-json\/wp\/v2\/product_brand?post=24379"},{"taxonomy":"product_cat","embeddable":true,"href":"https:\/\/uj.adatbank.ro\/lexikon\/wp-json\/wp\/v2\/product_cat?post=24379"},{"taxonomy":"product_tag","embeddable":true,"href":"https:\/\/uj.adatbank.ro\/lexikon\/wp-json\/wp\/v2\/product_tag?post=24379"}],"curies":[{"name":"wp","href":"https:\/\/api.w.org\/{rel}","templated":true}]}}