{"id":24385,"date":"2025-08-01T18:05:25","date_gmt":"2025-08-01T16:05:25","guid":{"rendered":"https:\/\/uj.adatbank.ro\/lexikon\/termek\/veiszkirikner-karoly\/"},"modified":"2025-08-01T18:05:25","modified_gmt":"2025-08-01T16:05:25","slug":"veiszkirikner-karoly","status":"publish","type":"product","link":"https:\/\/uj.adatbank.ro\/lexikon\/termek\/veiszkirikner-karoly\/","title":{"rendered":"VEISZKIRIKNER K\u00e1roly"},"content":{"rendered":"<p>? \u2020\u00a0?: segesv\u00e1rsz\u00e9ki k\u00f6vet. <br \/><strong>\u2013 Irod.:<\/strong> Az Erd\u00e9lyi Nagyfejedelems\u00e9g sz. k. Kv. v\u00e1ros\u00e1ba 1846. szept. 9-re k\u00f6z\u00f6ns\u00e9ges gy\u0171l\u00e9sre \u00f6sszeh\u00edvott tek. nemes rendeinek n\u00e9vsora \u00e9s kirendelt sz\u00e1ll\u00e1sainak kimutat\u00e1sa (Kv., 1848).<\/br><\/p>\n","protected":false},"excerpt":{"rendered":"<p>? \u2020\u00a0?: segesv\u00e1rsz\u00e9ki k\u00f6vet. \u2013 Irod.: Az Erd\u00e9lyi Nagyfejedelems\u00e9g sz. k. Kv. v\u00e1ros\u00e1ba 1846. szept. 9-re k\u00f6z\u00f6ns\u00e9ges gy\u0171l\u00e9sre \u00f6sszeh\u00edvott tek. nemes rendeinek n\u00e9vsora \u00e9s kirendelt sz\u00e1ll\u00e1sainak kimutat\u00e1sa (Kv., 1848).<\/p>\n","protected":false},"featured_media":0,"comment_status":"open","ping_status":"closed","template":"","meta":[],"product_brand":[],"product_cat":[137],"product_tag":[],"class_list":{"0":"post-24385","1":"product","2":"type-product","3":"status-publish","5":"product_cat-maros-megyei-eletrajzi-lexikon","7":"first","8":"instock","9":"shipping-taxable","10":"product-type-simple"},"_links":{"self":[{"href":"https:\/\/uj.adatbank.ro\/lexikon\/wp-json\/wp\/v2\/product\/24385","targetHints":{"allow":["GET"]}}],"collection":[{"href":"https:\/\/uj.adatbank.ro\/lexikon\/wp-json\/wp\/v2\/product"}],"about":[{"href":"https:\/\/uj.adatbank.ro\/lexikon\/wp-json\/wp\/v2\/types\/product"}],"replies":[{"embeddable":true,"href":"https:\/\/uj.adatbank.ro\/lexikon\/wp-json\/wp\/v2\/comments?post=24385"}],"wp:attachment":[{"href":"https:\/\/uj.adatbank.ro\/lexikon\/wp-json\/wp\/v2\/media?parent=24385"}],"wp:term":[{"taxonomy":"product_brand","embeddable":true,"href":"https:\/\/uj.adatbank.ro\/lexikon\/wp-json\/wp\/v2\/product_brand?post=24385"},{"taxonomy":"product_cat","embeddable":true,"href":"https:\/\/uj.adatbank.ro\/lexikon\/wp-json\/wp\/v2\/product_cat?post=24385"},{"taxonomy":"product_tag","embeddable":true,"href":"https:\/\/uj.adatbank.ro\/lexikon\/wp-json\/wp\/v2\/product_tag?post=24385"}],"curies":[{"name":"wp","href":"https:\/\/api.w.org\/{rel}","templated":true}]}}