{"id":24392,"date":"2025-08-01T18:05:40","date_gmt":"2025-08-01T16:05:40","guid":{"rendered":"https:\/\/uj.adatbank.ro\/lexikon\/termek\/velemin-miklos\/"},"modified":"2025-08-01T18:05:40","modified_gmt":"2025-08-01T16:05:40","slug":"velemin-miklos","status":"publish","type":"product","link":"https:\/\/uj.adatbank.ro\/lexikon\/termek\/velemin-miklos\/","title":{"rendered":"VELEMIN Mikl\u00f3s"},"content":{"rendered":"<p>? 1882., \u2020 Mv., 1940.feb.16.: sz\u00ednh\u00e1zi zenekari tag. \u2013 A F\u00f6ldindul\u00e1s c. darab el\u0151ad\u00e1s\u00e1nak megkezd\u00e9se el\u0151tt a sz\u00ednh\u00e1zban sz\u00edvsz\u00e9lh\u0171d\u00e9sben halt meg. <br \/><strong>\u2013 Irod.:<\/strong> Magyar Sz\u00f3 (1940. febr. 17.).<\/br><\/p>\n","protected":false},"excerpt":{"rendered":"<p>? 1882., \u2020 Mv., 1940.feb.16.: sz\u00ednh\u00e1zi zenekari tag. \u2013 A F\u00f6ldindul\u00e1s c. darab el\u0151ad\u00e1s\u00e1nak megkezd\u00e9se el\u0151tt a sz\u00ednh\u00e1zban sz\u00edvsz\u00e9lh\u0171d\u00e9sben halt meg. \u2013 Irod.: Magyar Sz\u00f3 (1940. febr. 17.).<\/p>\n","protected":false},"featured_media":0,"comment_status":"open","ping_status":"closed","template":"","meta":[],"product_brand":[],"product_cat":[137],"product_tag":[],"class_list":{"0":"post-24392","1":"product","2":"type-product","3":"status-publish","5":"product_cat-maros-megyei-eletrajzi-lexikon","7":"first","8":"instock","9":"shipping-taxable","10":"product-type-simple"},"_links":{"self":[{"href":"https:\/\/uj.adatbank.ro\/lexikon\/wp-json\/wp\/v2\/product\/24392","targetHints":{"allow":["GET"]}}],"collection":[{"href":"https:\/\/uj.adatbank.ro\/lexikon\/wp-json\/wp\/v2\/product"}],"about":[{"href":"https:\/\/uj.adatbank.ro\/lexikon\/wp-json\/wp\/v2\/types\/product"}],"replies":[{"embeddable":true,"href":"https:\/\/uj.adatbank.ro\/lexikon\/wp-json\/wp\/v2\/comments?post=24392"}],"wp:attachment":[{"href":"https:\/\/uj.adatbank.ro\/lexikon\/wp-json\/wp\/v2\/media?parent=24392"}],"wp:term":[{"taxonomy":"product_brand","embeddable":true,"href":"https:\/\/uj.adatbank.ro\/lexikon\/wp-json\/wp\/v2\/product_brand?post=24392"},{"taxonomy":"product_cat","embeddable":true,"href":"https:\/\/uj.adatbank.ro\/lexikon\/wp-json\/wp\/v2\/product_cat?post=24392"},{"taxonomy":"product_tag","embeddable":true,"href":"https:\/\/uj.adatbank.ro\/lexikon\/wp-json\/wp\/v2\/product_tag?post=24392"}],"curies":[{"name":"wp","href":"https:\/\/api.w.org\/{rel}","templated":true}]}}