{"id":24395,"date":"2025-08-01T18:05:47","date_gmt":"2025-08-01T16:05:47","guid":{"rendered":"https:\/\/uj.adatbank.ro\/lexikon\/termek\/veltan-ioan\/"},"modified":"2025-08-01T18:05:47","modified_gmt":"2025-08-01T16:05:47","slug":"veltan-ioan","status":"publish","type":"product","link":"https:\/\/uj.adatbank.ro\/lexikon\/termek\/veltan-ioan\/","title":{"rendered":"VEL\u0162AN, Ioan"},"content":{"rendered":"<p>?, \u2020 ?: sz\u00e1zados. \u2013 Mv.-en a MAT Securitate Tartom\u00e1nyi Igazgat\u00f3s\u00e1g\u00e1n sz\u00e1zados (1962), \u0151rnagy (1967). <br \/><strong>\u2013 Irod.:<\/strong> Bartos 2012.<\/br><\/p>\n","protected":false},"excerpt":{"rendered":"<p>?, \u2020 ?: sz\u00e1zados. \u2013 Mv.-en a MAT Securitate Tartom\u00e1nyi Igazgat\u00f3s\u00e1g\u00e1n sz\u00e1zados (1962), \u0151rnagy (1967). \u2013 Irod.: Bartos 2012.<\/p>\n","protected":false},"featured_media":0,"comment_status":"open","ping_status":"closed","template":"","meta":[],"product_brand":[],"product_cat":[137],"product_tag":[],"class_list":{"0":"post-24395","1":"product","2":"type-product","3":"status-publish","5":"product_cat-maros-megyei-eletrajzi-lexikon","7":"first","8":"instock","9":"shipping-taxable","10":"product-type-simple"},"_links":{"self":[{"href":"https:\/\/uj.adatbank.ro\/lexikon\/wp-json\/wp\/v2\/product\/24395","targetHints":{"allow":["GET"]}}],"collection":[{"href":"https:\/\/uj.adatbank.ro\/lexikon\/wp-json\/wp\/v2\/product"}],"about":[{"href":"https:\/\/uj.adatbank.ro\/lexikon\/wp-json\/wp\/v2\/types\/product"}],"replies":[{"embeddable":true,"href":"https:\/\/uj.adatbank.ro\/lexikon\/wp-json\/wp\/v2\/comments?post=24395"}],"wp:attachment":[{"href":"https:\/\/uj.adatbank.ro\/lexikon\/wp-json\/wp\/v2\/media?parent=24395"}],"wp:term":[{"taxonomy":"product_brand","embeddable":true,"href":"https:\/\/uj.adatbank.ro\/lexikon\/wp-json\/wp\/v2\/product_brand?post=24395"},{"taxonomy":"product_cat","embeddable":true,"href":"https:\/\/uj.adatbank.ro\/lexikon\/wp-json\/wp\/v2\/product_cat?post=24395"},{"taxonomy":"product_tag","embeddable":true,"href":"https:\/\/uj.adatbank.ro\/lexikon\/wp-json\/wp\/v2\/product_tag?post=24395"}],"curies":[{"name":"wp","href":"https:\/\/api.w.org\/{rel}","templated":true}]}}