{"id":24396,"date":"2025-08-01T18:05:50","date_gmt":"2025-08-01T16:05:50","guid":{"rendered":"https:\/\/uj.adatbank.ro\/lexikon\/termek\/velther-daniel-vaelther\/"},"modified":"2025-08-01T18:05:50","modified_gmt":"2025-08-01T16:05:50","slug":"velther-daniel-vaelther","status":"publish","type":"product","link":"https:\/\/uj.adatbank.ro\/lexikon\/termek\/velther-daniel-vaelther\/","title":{"rendered":"VELTHER Daniel; Vaelther"},"content":{"rendered":"<p>F\u00fcletelke (Maros), ? \u2020 Z\u00e1gor (Maros), 1787. m\u00e1j. 5.: pap. \u2013 Tanult J\u00e9n\u00e1ban (1747). Pap volt Meggyesen, Kundon \u00e9s Z\u00e1gorban. <br \/><strong>\u2013 Irod.:<\/strong> Szab\u00f3\u2013Sz\u00f6gi.<\/br><\/p>\n","protected":false},"excerpt":{"rendered":"<p>F\u00fcletelke (Maros), ? \u2020 Z\u00e1gor (Maros), 1787. m\u00e1j. 5.: pap. \u2013 Tanult J\u00e9n\u00e1ban (1747). Pap volt Meggyesen, Kundon \u00e9s Z\u00e1gorban. \u2013 Irod.: Szab\u00f3\u2013Sz\u00f6gi.<\/p>\n","protected":false},"featured_media":0,"comment_status":"open","ping_status":"closed","template":"","meta":[],"product_brand":[],"product_cat":[137],"product_tag":[],"class_list":{"0":"post-24396","1":"product","2":"type-product","3":"status-publish","5":"product_cat-maros-megyei-eletrajzi-lexikon","7":"first","8":"instock","9":"shipping-taxable","10":"product-type-simple"},"_links":{"self":[{"href":"https:\/\/uj.adatbank.ro\/lexikon\/wp-json\/wp\/v2\/product\/24396","targetHints":{"allow":["GET"]}}],"collection":[{"href":"https:\/\/uj.adatbank.ro\/lexikon\/wp-json\/wp\/v2\/product"}],"about":[{"href":"https:\/\/uj.adatbank.ro\/lexikon\/wp-json\/wp\/v2\/types\/product"}],"replies":[{"embeddable":true,"href":"https:\/\/uj.adatbank.ro\/lexikon\/wp-json\/wp\/v2\/comments?post=24396"}],"wp:attachment":[{"href":"https:\/\/uj.adatbank.ro\/lexikon\/wp-json\/wp\/v2\/media?parent=24396"}],"wp:term":[{"taxonomy":"product_brand","embeddable":true,"href":"https:\/\/uj.adatbank.ro\/lexikon\/wp-json\/wp\/v2\/product_brand?post=24396"},{"taxonomy":"product_cat","embeddable":true,"href":"https:\/\/uj.adatbank.ro\/lexikon\/wp-json\/wp\/v2\/product_cat?post=24396"},{"taxonomy":"product_tag","embeddable":true,"href":"https:\/\/uj.adatbank.ro\/lexikon\/wp-json\/wp\/v2\/product_tag?post=24396"}],"curies":[{"name":"wp","href":"https:\/\/api.w.org\/{rel}","templated":true}]}}