{"id":24399,"date":"2025-08-01T18:05:56","date_gmt":"2025-08-01T16:05:56","guid":{"rendered":"https:\/\/uj.adatbank.ro\/lexikon\/termek\/venczel-nazarius\/"},"modified":"2025-08-01T18:05:56","modified_gmt":"2025-08-01T16:05:56","slug":"venczel-nazarius","status":"publish","type":"product","link":"https:\/\/uj.adatbank.ro\/lexikon\/termek\/venczel-nazarius\/","title":{"rendered":"VENCZEL Nazarius"},"content":{"rendered":"<p>?, \u2020 ?: szerzetes. \u2013 A szerzetesrendbe l\u00e9pett Mv.-en (1843), papp\u00e1 szentelt\u00e9k (1846 k\u00f6r\u00fcl). Itt pap-tan\u00e1r (1848\u201349). <br \/><strong>\u2013 Irod.:<\/strong> Maros megyei m. t\u00f6rt.5.<\/br><\/p>\n","protected":false},"excerpt":{"rendered":"<p>?, \u2020 ?: szerzetes. \u2013 A szerzetesrendbe l\u00e9pett Mv.-en (1843), papp\u00e1 szentelt\u00e9k (1846 k\u00f6r\u00fcl). Itt pap-tan\u00e1r (1848\u201349). \u2013 Irod.: Maros megyei m. t\u00f6rt.5.<\/p>\n","protected":false},"featured_media":0,"comment_status":"open","ping_status":"closed","template":"","meta":[],"product_brand":[],"product_cat":[137],"product_tag":[],"class_list":{"0":"post-24399","1":"product","2":"type-product","3":"status-publish","5":"product_cat-maros-megyei-eletrajzi-lexikon","7":"first","8":"instock","9":"shipping-taxable","10":"product-type-simple"},"_links":{"self":[{"href":"https:\/\/uj.adatbank.ro\/lexikon\/wp-json\/wp\/v2\/product\/24399","targetHints":{"allow":["GET"]}}],"collection":[{"href":"https:\/\/uj.adatbank.ro\/lexikon\/wp-json\/wp\/v2\/product"}],"about":[{"href":"https:\/\/uj.adatbank.ro\/lexikon\/wp-json\/wp\/v2\/types\/product"}],"replies":[{"embeddable":true,"href":"https:\/\/uj.adatbank.ro\/lexikon\/wp-json\/wp\/v2\/comments?post=24399"}],"wp:attachment":[{"href":"https:\/\/uj.adatbank.ro\/lexikon\/wp-json\/wp\/v2\/media?parent=24399"}],"wp:term":[{"taxonomy":"product_brand","embeddable":true,"href":"https:\/\/uj.adatbank.ro\/lexikon\/wp-json\/wp\/v2\/product_brand?post=24399"},{"taxonomy":"product_cat","embeddable":true,"href":"https:\/\/uj.adatbank.ro\/lexikon\/wp-json\/wp\/v2\/product_cat?post=24399"},{"taxonomy":"product_tag","embeddable":true,"href":"https:\/\/uj.adatbank.ro\/lexikon\/wp-json\/wp\/v2\/product_tag?post=24399"}],"curies":[{"name":"wp","href":"https:\/\/api.w.org\/{rel}","templated":true}]}}