{"id":24408,"date":"2025-08-01T18:06:19","date_gmt":"2025-08-01T16:06:19","guid":{"rendered":"https:\/\/uj.adatbank.ro\/lexikon\/termek\/veres-remetei\/"},"modified":"2025-08-01T18:06:19","modified_gmt":"2025-08-01T16:06:19","slug":"veres-remetei","status":"publish","type":"product","link":"https:\/\/uj.adatbank.ro\/lexikon\/termek\/veres-remetei\/","title":{"rendered":"VERES, remetei"},"content":{"rendered":"<p>A csal\u00e1db\u00f3l V. Mih\u00e1ly \u00e9s csal\u00e1dja primipilusi igazolv\u00e1nyt nyert (1703. \u00e1pr. 22.). <br \/><strong>\u2013 Irod.:<\/strong> Kempelen; P\u00e1lmay.<\/br><\/p>\n","protected":false},"excerpt":{"rendered":"<p>A csal\u00e1db\u00f3l V. Mih\u00e1ly \u00e9s csal\u00e1dja primipilusi igazolv\u00e1nyt nyert (1703. \u00e1pr. 22.). \u2013 Irod.: Kempelen; P\u00e1lmay.<\/p>\n","protected":false},"featured_media":0,"comment_status":"open","ping_status":"closed","template":"","meta":[],"product_brand":[],"product_cat":[137],"product_tag":[],"class_list":{"0":"post-24408","1":"product","2":"type-product","3":"status-publish","5":"product_cat-maros-megyei-eletrajzi-lexikon","7":"first","8":"instock","9":"shipping-taxable","10":"product-type-simple"},"_links":{"self":[{"href":"https:\/\/uj.adatbank.ro\/lexikon\/wp-json\/wp\/v2\/product\/24408","targetHints":{"allow":["GET"]}}],"collection":[{"href":"https:\/\/uj.adatbank.ro\/lexikon\/wp-json\/wp\/v2\/product"}],"about":[{"href":"https:\/\/uj.adatbank.ro\/lexikon\/wp-json\/wp\/v2\/types\/product"}],"replies":[{"embeddable":true,"href":"https:\/\/uj.adatbank.ro\/lexikon\/wp-json\/wp\/v2\/comments?post=24408"}],"wp:attachment":[{"href":"https:\/\/uj.adatbank.ro\/lexikon\/wp-json\/wp\/v2\/media?parent=24408"}],"wp:term":[{"taxonomy":"product_brand","embeddable":true,"href":"https:\/\/uj.adatbank.ro\/lexikon\/wp-json\/wp\/v2\/product_brand?post=24408"},{"taxonomy":"product_cat","embeddable":true,"href":"https:\/\/uj.adatbank.ro\/lexikon\/wp-json\/wp\/v2\/product_cat?post=24408"},{"taxonomy":"product_tag","embeddable":true,"href":"https:\/\/uj.adatbank.ro\/lexikon\/wp-json\/wp\/v2\/product_tag?post=24408"}],"curies":[{"name":"wp","href":"https:\/\/api.w.org\/{rel}","templated":true}]}}