{"id":24415,"date":"2025-08-01T18:06:34","date_gmt":"2025-08-01T16:06:34","guid":{"rendered":"https:\/\/uj.adatbank.ro\/lexikon\/termek\/veres-gyori-jozsef\/"},"modified":"2025-08-01T18:06:34","modified_gmt":"2025-08-01T16:06:34","slug":"veres-gyori-jozsef","status":"publish","type":"product","link":"https:\/\/uj.adatbank.ro\/lexikon\/termek\/veres-gyori-jozsef\/","title":{"rendered":"VERES GY\u0150RI J\u00f3zsef"},"content":{"rendered":"<p>1912, \u2020\u00a01945: ref. lelk\u00e9sz. \u2013 Teol\u00f3giai oklevelet Debrecenben kapott (1938). Tov\u00e1bbi k\u00e9pz\u00e9sben a Philadelphiai egyetemen, a New York-i szemin\u00e1riumban volt r\u00e9sze. Seg\u00e9dlelk\u00e9sz Kaba, T\u00farkeve, Zilah gy\u00fclekezeteiben. Z\u00e1gonban hitoktat\u00f3 lelk\u00e9sz, Toldalag-Unoka gy\u00fclekezetekben lelk\u00e9sz (1945). Fiatalon a t\u00edfusz \u00e1ldozata lett. <br \/><strong>\u2013 Irod.:<\/strong> Cs\u00e1ky.<\/br><\/p>\n","protected":false},"excerpt":{"rendered":"<p>1912, \u2020\u00a01945: ref. lelk\u00e9sz. \u2013 Teol\u00f3giai oklevelet Debrecenben kapott (1938). Tov\u00e1bbi k\u00e9pz\u00e9sben a Philadelphiai egyetemen, a New York-i szemin\u00e1riumban volt r\u00e9sze. Seg\u00e9dlelk\u00e9sz Kaba, T\u00farkeve, Zilah gy\u00fclekezeteiben. Z\u00e1gonban hitoktat\u00f3 lelk\u00e9sz, Toldalag-Unoka gy\u00fclekezetekben lelk\u00e9sz (1945). Fiatalon a t\u00edfusz \u00e1ldozata lett. \u2013 Irod.: Cs\u00e1ky.<\/p>\n","protected":false},"featured_media":0,"comment_status":"open","ping_status":"closed","template":"","meta":[],"product_brand":[],"product_cat":[137],"product_tag":[],"class_list":{"0":"post-24415","1":"product","2":"type-product","3":"status-publish","5":"product_cat-maros-megyei-eletrajzi-lexikon","7":"first","8":"instock","9":"shipping-taxable","10":"product-type-simple"},"_links":{"self":[{"href":"https:\/\/uj.adatbank.ro\/lexikon\/wp-json\/wp\/v2\/product\/24415","targetHints":{"allow":["GET"]}}],"collection":[{"href":"https:\/\/uj.adatbank.ro\/lexikon\/wp-json\/wp\/v2\/product"}],"about":[{"href":"https:\/\/uj.adatbank.ro\/lexikon\/wp-json\/wp\/v2\/types\/product"}],"replies":[{"embeddable":true,"href":"https:\/\/uj.adatbank.ro\/lexikon\/wp-json\/wp\/v2\/comments?post=24415"}],"wp:attachment":[{"href":"https:\/\/uj.adatbank.ro\/lexikon\/wp-json\/wp\/v2\/media?parent=24415"}],"wp:term":[{"taxonomy":"product_brand","embeddable":true,"href":"https:\/\/uj.adatbank.ro\/lexikon\/wp-json\/wp\/v2\/product_brand?post=24415"},{"taxonomy":"product_cat","embeddable":true,"href":"https:\/\/uj.adatbank.ro\/lexikon\/wp-json\/wp\/v2\/product_cat?post=24415"},{"taxonomy":"product_tag","embeddable":true,"href":"https:\/\/uj.adatbank.ro\/lexikon\/wp-json\/wp\/v2\/product_tag?post=24415"}],"curies":[{"name":"wp","href":"https:\/\/api.w.org\/{rel}","templated":true}]}}