{"id":24416,"date":"2025-08-01T18:06:36","date_gmt":"2025-08-01T16:06:36","guid":{"rendered":"https:\/\/uj.adatbank.ro\/lexikon\/termek\/veres-iulian-gyula\/"},"modified":"2025-08-01T18:06:36","modified_gmt":"2025-08-01T16:06:36","slug":"veres-iulian-gyula","status":"publish","type":"product","link":"https:\/\/uj.adatbank.ro\/lexikon\/termek\/veres-iulian-gyula\/","title":{"rendered":"VERES Iulian, Gyula"},"content":{"rendered":"<p>? \u2020 Mv., 1995. m\u00e1rc. 22.: \u00fcgyv\u00e9d. A RKP KB tagja (1989. nov. 24. \u2013 1989. dec. 22.), Maros megye N\u00e9ptan\u00e1csa VB aleln\u00f6ke (1984. nov. 1. \u2013 1989. dec. 22.). <br \/><strong>\u2013 Irod.:<\/strong> Cri\u015fan; [Nekrol\u00f3g] (N\u00fa., 1995. m\u00e1rc. 15.).<\/br><\/p>\n","protected":false},"excerpt":{"rendered":"<p>? \u2020 Mv., 1995. m\u00e1rc. 22.: \u00fcgyv\u00e9d. A RKP KB tagja (1989. nov. 24. \u2013 1989. dec. 22.), Maros megye N\u00e9ptan\u00e1csa VB aleln\u00f6ke (1984. nov. 1. \u2013 1989. dec. 22.). \u2013 Irod.: Cri\u015fan; [Nekrol\u00f3g] (N\u00fa., 1995. m\u00e1rc. 15.).<\/p>\n","protected":false},"featured_media":0,"comment_status":"open","ping_status":"closed","template":"","meta":[],"product_brand":[],"product_cat":[137],"product_tag":[],"class_list":{"0":"post-24416","1":"product","2":"type-product","3":"status-publish","5":"product_cat-maros-megyei-eletrajzi-lexikon","7":"first","8":"instock","9":"shipping-taxable","10":"product-type-simple"},"_links":{"self":[{"href":"https:\/\/uj.adatbank.ro\/lexikon\/wp-json\/wp\/v2\/product\/24416","targetHints":{"allow":["GET"]}}],"collection":[{"href":"https:\/\/uj.adatbank.ro\/lexikon\/wp-json\/wp\/v2\/product"}],"about":[{"href":"https:\/\/uj.adatbank.ro\/lexikon\/wp-json\/wp\/v2\/types\/product"}],"replies":[{"embeddable":true,"href":"https:\/\/uj.adatbank.ro\/lexikon\/wp-json\/wp\/v2\/comments?post=24416"}],"wp:attachment":[{"href":"https:\/\/uj.adatbank.ro\/lexikon\/wp-json\/wp\/v2\/media?parent=24416"}],"wp:term":[{"taxonomy":"product_brand","embeddable":true,"href":"https:\/\/uj.adatbank.ro\/lexikon\/wp-json\/wp\/v2\/product_brand?post=24416"},{"taxonomy":"product_cat","embeddable":true,"href":"https:\/\/uj.adatbank.ro\/lexikon\/wp-json\/wp\/v2\/product_cat?post=24416"},{"taxonomy":"product_tag","embeddable":true,"href":"https:\/\/uj.adatbank.ro\/lexikon\/wp-json\/wp\/v2\/product_tag?post=24416"}],"curies":[{"name":"wp","href":"https:\/\/api.w.org\/{rel}","templated":true}]}}