{"id":24429,"date":"2025-08-01T18:07:04","date_gmt":"2025-08-01T16:07:04","guid":{"rendered":"https:\/\/uj.adatbank.ro\/lexikon\/termek\/veress-andras\/"},"modified":"2025-08-01T18:07:04","modified_gmt":"2025-08-01T16:07:04","slug":"veress-andras","status":"publish","type":"product","link":"https:\/\/uj.adatbank.ro\/lexikon\/termek\/veress-andras\/","title":{"rendered":"VERESS Andr\u00e1s"},"content":{"rendered":"<p>Cs\u00edksz\u00e9k, ?, \u2020\u00a01735.: r. k. pap. \u2013 Sz\u00e9kelyudvarhelyen, Kv.-on tanult. Abosfalv\u00e1n pl\u00e9b\u00e1nos (1732\u201335). <br \/><strong>\u2013 Irod.:<\/strong> Ferenczi S\u00e1ndor 2009.<\/br><\/p>\n","protected":false},"excerpt":{"rendered":"<p>Cs\u00edksz\u00e9k, ?, \u2020\u00a01735.: r. k. pap. \u2013 Sz\u00e9kelyudvarhelyen, Kv.-on tanult. Abosfalv\u00e1n pl\u00e9b\u00e1nos (1732\u201335). \u2013 Irod.: Ferenczi S\u00e1ndor 2009.<\/p>\n","protected":false},"featured_media":0,"comment_status":"open","ping_status":"closed","template":"","meta":[],"product_brand":[],"product_cat":[137],"product_tag":[],"class_list":{"0":"post-24429","1":"product","2":"type-product","3":"status-publish","5":"product_cat-maros-megyei-eletrajzi-lexikon","7":"first","8":"instock","9":"shipping-taxable","10":"product-type-simple"},"_links":{"self":[{"href":"https:\/\/uj.adatbank.ro\/lexikon\/wp-json\/wp\/v2\/product\/24429","targetHints":{"allow":["GET"]}}],"collection":[{"href":"https:\/\/uj.adatbank.ro\/lexikon\/wp-json\/wp\/v2\/product"}],"about":[{"href":"https:\/\/uj.adatbank.ro\/lexikon\/wp-json\/wp\/v2\/types\/product"}],"replies":[{"embeddable":true,"href":"https:\/\/uj.adatbank.ro\/lexikon\/wp-json\/wp\/v2\/comments?post=24429"}],"wp:attachment":[{"href":"https:\/\/uj.adatbank.ro\/lexikon\/wp-json\/wp\/v2\/media?parent=24429"}],"wp:term":[{"taxonomy":"product_brand","embeddable":true,"href":"https:\/\/uj.adatbank.ro\/lexikon\/wp-json\/wp\/v2\/product_brand?post=24429"},{"taxonomy":"product_cat","embeddable":true,"href":"https:\/\/uj.adatbank.ro\/lexikon\/wp-json\/wp\/v2\/product_cat?post=24429"},{"taxonomy":"product_tag","embeddable":true,"href":"https:\/\/uj.adatbank.ro\/lexikon\/wp-json\/wp\/v2\/product_tag?post=24429"}],"curies":[{"name":"wp","href":"https:\/\/api.w.org\/{rel}","templated":true}]}}