{"id":24431,"date":"2025-08-01T18:07:11","date_gmt":"2025-08-01T16:07:11","guid":{"rendered":"https:\/\/uj.adatbank.ro\/lexikon\/termek\/veress-arpad-telegdi\/"},"modified":"2025-08-01T18:07:11","modified_gmt":"2025-08-01T16:07:11","slug":"veress-arpad-telegdi","status":"publish","type":"product","link":"https:\/\/uj.adatbank.ro\/lexikon\/termek\/veress-arpad-telegdi\/","title":{"rendered":"VERESS \u00c1rp\u00e1d, telegdi"},"content":{"rendered":"<p>V\u00e1d, 1867., \u2020\u00a0?: gy\u00f3gyszer\u00e9sz. \u2013 Tanulm\u00e1nyait Sz\u00e9kelyudvarhelyen \u00e9s Kv.-on v\u00e9gezte, \u00f6n\u00e1ll\u00f3 gy\u00f3gyszer\u00e9sz Sz\u00e1szr\u00e9genben (1895\u2013). A Maros-Torda megyei Gy\u00f3gyszer\u00e9sz test\u00fclet aleln\u00f6ke (1920\u2013). A hazafias \u00e9s kultur\u00e1lis egyes\u00fcletek t\u00e1mogat\u00f3ja volt. <br \/><strong>\u2013 Irod.:<\/strong> P\u00e9ter H. M. 2013; Sz\u00e9kelyf\u00f6ld \u00ed. k.<\/br><\/p>\n","protected":false},"excerpt":{"rendered":"<p>V\u00e1d, 1867., \u2020\u00a0?: gy\u00f3gyszer\u00e9sz. \u2013 Tanulm\u00e1nyait Sz\u00e9kelyudvarhelyen \u00e9s Kv.-on v\u00e9gezte, \u00f6n\u00e1ll\u00f3 gy\u00f3gyszer\u00e9sz Sz\u00e1szr\u00e9genben (1895\u2013). A Maros-Torda megyei Gy\u00f3gyszer\u00e9sz test\u00fclet aleln\u00f6ke (1920\u2013). A hazafias \u00e9s kultur\u00e1lis egyes\u00fcletek t\u00e1mogat\u00f3ja volt. \u2013 Irod.: P\u00e9ter H. M. 2013; Sz\u00e9kelyf\u00f6ld \u00ed. k.<\/p>\n","protected":false},"featured_media":0,"comment_status":"open","ping_status":"closed","template":"","meta":[],"product_brand":[],"product_cat":[137],"product_tag":[],"class_list":{"0":"post-24431","1":"product","2":"type-product","3":"status-publish","5":"product_cat-maros-megyei-eletrajzi-lexikon","7":"first","8":"instock","9":"shipping-taxable","10":"product-type-simple"},"_links":{"self":[{"href":"https:\/\/uj.adatbank.ro\/lexikon\/wp-json\/wp\/v2\/product\/24431","targetHints":{"allow":["GET"]}}],"collection":[{"href":"https:\/\/uj.adatbank.ro\/lexikon\/wp-json\/wp\/v2\/product"}],"about":[{"href":"https:\/\/uj.adatbank.ro\/lexikon\/wp-json\/wp\/v2\/types\/product"}],"replies":[{"embeddable":true,"href":"https:\/\/uj.adatbank.ro\/lexikon\/wp-json\/wp\/v2\/comments?post=24431"}],"wp:attachment":[{"href":"https:\/\/uj.adatbank.ro\/lexikon\/wp-json\/wp\/v2\/media?parent=24431"}],"wp:term":[{"taxonomy":"product_brand","embeddable":true,"href":"https:\/\/uj.adatbank.ro\/lexikon\/wp-json\/wp\/v2\/product_brand?post=24431"},{"taxonomy":"product_cat","embeddable":true,"href":"https:\/\/uj.adatbank.ro\/lexikon\/wp-json\/wp\/v2\/product_cat?post=24431"},{"taxonomy":"product_tag","embeddable":true,"href":"https:\/\/uj.adatbank.ro\/lexikon\/wp-json\/wp\/v2\/product_tag?post=24431"}],"curies":[{"name":"wp","href":"https:\/\/api.w.org\/{rel}","templated":true}]}}