{"id":24432,"date":"2025-08-01T18:07:12","date_gmt":"2025-08-01T16:07:12","guid":{"rendered":"https:\/\/uj.adatbank.ro\/lexikon\/termek\/veress-bela\/"},"modified":"2025-08-01T18:07:12","modified_gmt":"2025-08-01T16:07:12","slug":"veress-bela","status":"publish","type":"product","link":"https:\/\/uj.adatbank.ro\/lexikon\/termek\/veress-bela\/","title":{"rendered":"VERESS B\u00e9la"},"content":{"rendered":"<p>?, \u2020\u00a0?: A MSE futball szakoszt\u00e1ly\u00e1nak eln\u00f6ke (1920). Ir\u00e1ny\u00edt\u00e1sa \u00e9s lelkes munk\u00e1lkod\u00e1sa k\u00f6vetkezt\u00e9ben sz\u00e9p sikereket \u00e9rt el a csapat. <br \/><strong>\u2013 Irod.:<\/strong> Illy\u00e9s.<\/br><\/p>\n","protected":false},"excerpt":{"rendered":"<p>?, \u2020\u00a0?: A MSE futball szakoszt\u00e1ly\u00e1nak eln\u00f6ke (1920). Ir\u00e1ny\u00edt\u00e1sa \u00e9s lelkes munk\u00e1lkod\u00e1sa k\u00f6vetkezt\u00e9ben sz\u00e9p sikereket \u00e9rt el a csapat. \u2013 Irod.: Illy\u00e9s.<\/p>\n","protected":false},"featured_media":0,"comment_status":"open","ping_status":"closed","template":"","meta":[],"product_brand":[],"product_cat":[137],"product_tag":[],"class_list":{"0":"post-24432","1":"product","2":"type-product","3":"status-publish","5":"product_cat-maros-megyei-eletrajzi-lexikon","7":"first","8":"instock","9":"shipping-taxable","10":"product-type-simple"},"_links":{"self":[{"href":"https:\/\/uj.adatbank.ro\/lexikon\/wp-json\/wp\/v2\/product\/24432","targetHints":{"allow":["GET"]}}],"collection":[{"href":"https:\/\/uj.adatbank.ro\/lexikon\/wp-json\/wp\/v2\/product"}],"about":[{"href":"https:\/\/uj.adatbank.ro\/lexikon\/wp-json\/wp\/v2\/types\/product"}],"replies":[{"embeddable":true,"href":"https:\/\/uj.adatbank.ro\/lexikon\/wp-json\/wp\/v2\/comments?post=24432"}],"wp:attachment":[{"href":"https:\/\/uj.adatbank.ro\/lexikon\/wp-json\/wp\/v2\/media?parent=24432"}],"wp:term":[{"taxonomy":"product_brand","embeddable":true,"href":"https:\/\/uj.adatbank.ro\/lexikon\/wp-json\/wp\/v2\/product_brand?post=24432"},{"taxonomy":"product_cat","embeddable":true,"href":"https:\/\/uj.adatbank.ro\/lexikon\/wp-json\/wp\/v2\/product_cat?post=24432"},{"taxonomy":"product_tag","embeddable":true,"href":"https:\/\/uj.adatbank.ro\/lexikon\/wp-json\/wp\/v2\/product_tag?post=24432"}],"curies":[{"name":"wp","href":"https:\/\/api.w.org\/{rel}","templated":true}]}}