{"id":24435,"date":"2025-08-01T18:07:19","date_gmt":"2025-08-01T16:07:19","guid":{"rendered":"https:\/\/uj.adatbank.ro\/lexikon\/termek\/veress-daniel-david-p\/"},"modified":"2025-08-01T18:07:19","modified_gmt":"2025-08-01T16:07:19","slug":"veress-daniel-david-p","status":"publish","type":"product","link":"https:\/\/uj.adatbank.ro\/lexikon\/termek\/veress-daniel-david-p\/","title":{"rendered":"VERESS D\u00e1niel D\u00e1vid, P."},"content":{"rendered":"<p>Cs\u00edkmindszent, 1678., \u2020\u00a0Abaf\u00e1ja, 1734. Eltemett\u00e9k Mikh\u00e1z\u00e1n (1734. m\u00e1rc, 27.): ferences szerzetes. \u2013 Be\u00f6lt\u00f6z\u00f6tt (1698. szept. 2.), felszentelt\u00e9k (1708. \u00e1pr. 6.). Lelk\u00e9sze, h\u00e1zik\u00e1pl\u00e1nja volt br. Husz\u00e1r J\u00f3zsefnek. <br \/><strong>\u2013 Irod.:<\/strong> Abaf\u00e1ja; Gy\u00f6rgy: A ferencrendiek.<\/br><\/p>\n","protected":false},"excerpt":{"rendered":"<p>Cs\u00edkmindszent, 1678., \u2020\u00a0Abaf\u00e1ja, 1734. Eltemett\u00e9k Mikh\u00e1z\u00e1n (1734. m\u00e1rc, 27.): ferences szerzetes. \u2013 Be\u00f6lt\u00f6z\u00f6tt (1698. szept. 2.), felszentelt\u00e9k (1708. \u00e1pr. 6.). Lelk\u00e9sze, h\u00e1zik\u00e1pl\u00e1nja volt br. Husz\u00e1r J\u00f3zsefnek. \u2013 Irod.: Abaf\u00e1ja; Gy\u00f6rgy: A ferencrendiek.<\/p>\n","protected":false},"featured_media":0,"comment_status":"open","ping_status":"closed","template":"","meta":[],"product_brand":[],"product_cat":[137],"product_tag":[],"class_list":{"0":"post-24435","1":"product","2":"type-product","3":"status-publish","5":"product_cat-maros-megyei-eletrajzi-lexikon","7":"first","8":"instock","9":"shipping-taxable","10":"product-type-simple"},"_links":{"self":[{"href":"https:\/\/uj.adatbank.ro\/lexikon\/wp-json\/wp\/v2\/product\/24435","targetHints":{"allow":["GET"]}}],"collection":[{"href":"https:\/\/uj.adatbank.ro\/lexikon\/wp-json\/wp\/v2\/product"}],"about":[{"href":"https:\/\/uj.adatbank.ro\/lexikon\/wp-json\/wp\/v2\/types\/product"}],"replies":[{"embeddable":true,"href":"https:\/\/uj.adatbank.ro\/lexikon\/wp-json\/wp\/v2\/comments?post=24435"}],"wp:attachment":[{"href":"https:\/\/uj.adatbank.ro\/lexikon\/wp-json\/wp\/v2\/media?parent=24435"}],"wp:term":[{"taxonomy":"product_brand","embeddable":true,"href":"https:\/\/uj.adatbank.ro\/lexikon\/wp-json\/wp\/v2\/product_brand?post=24435"},{"taxonomy":"product_cat","embeddable":true,"href":"https:\/\/uj.adatbank.ro\/lexikon\/wp-json\/wp\/v2\/product_cat?post=24435"},{"taxonomy":"product_tag","embeddable":true,"href":"https:\/\/uj.adatbank.ro\/lexikon\/wp-json\/wp\/v2\/product_tag?post=24435"}],"curies":[{"name":"wp","href":"https:\/\/api.w.org\/{rel}","templated":true}]}}