{"id":24436,"date":"2025-08-01T18:07:21","date_gmt":"2025-08-01T16:07:21","guid":{"rendered":"https:\/\/uj.adatbank.ro\/lexikon\/termek\/veress-domokos-andras-p\/"},"modified":"2025-08-01T18:07:21","modified_gmt":"2025-08-01T16:07:21","slug":"veress-domokos-andras-p","status":"publish","type":"product","link":"https:\/\/uj.adatbank.ro\/lexikon\/termek\/veress-domokos-andras-p\/","title":{"rendered":"VERESS Domokos Andr\u00e1s, P."},"content":{"rendered":"<p>Nagyk\u00e1szon, 1782. szept. 17., \u2020\u00a0Mikh\u00e1za, 1856. szept, 12.: ferences szerzetes. \u2013 Be\u00f6lt\u00f6z\u00f6tt (1803. szept. 6.), felszentelt\u00e9k (1806. szept. 21.). <br \/><strong>\u2013 Irod.:<\/strong> Gy\u00f6rgy: A ferencrendiek.<\/br><\/p>\n","protected":false},"excerpt":{"rendered":"<p>Nagyk\u00e1szon, 1782. szept. 17., \u2020\u00a0Mikh\u00e1za, 1856. szept, 12.: ferences szerzetes. \u2013 Be\u00f6lt\u00f6z\u00f6tt (1803. szept. 6.), felszentelt\u00e9k (1806. szept. 21.). \u2013 Irod.: Gy\u00f6rgy: A ferencrendiek.<\/p>\n","protected":false},"featured_media":0,"comment_status":"open","ping_status":"closed","template":"","meta":[],"product_brand":[],"product_cat":[137],"product_tag":[],"class_list":{"0":"post-24436","1":"product","2":"type-product","3":"status-publish","5":"product_cat-maros-megyei-eletrajzi-lexikon","7":"first","8":"instock","9":"shipping-taxable","10":"product-type-simple"},"_links":{"self":[{"href":"https:\/\/uj.adatbank.ro\/lexikon\/wp-json\/wp\/v2\/product\/24436","targetHints":{"allow":["GET"]}}],"collection":[{"href":"https:\/\/uj.adatbank.ro\/lexikon\/wp-json\/wp\/v2\/product"}],"about":[{"href":"https:\/\/uj.adatbank.ro\/lexikon\/wp-json\/wp\/v2\/types\/product"}],"replies":[{"embeddable":true,"href":"https:\/\/uj.adatbank.ro\/lexikon\/wp-json\/wp\/v2\/comments?post=24436"}],"wp:attachment":[{"href":"https:\/\/uj.adatbank.ro\/lexikon\/wp-json\/wp\/v2\/media?parent=24436"}],"wp:term":[{"taxonomy":"product_brand","embeddable":true,"href":"https:\/\/uj.adatbank.ro\/lexikon\/wp-json\/wp\/v2\/product_brand?post=24436"},{"taxonomy":"product_cat","embeddable":true,"href":"https:\/\/uj.adatbank.ro\/lexikon\/wp-json\/wp\/v2\/product_cat?post=24436"},{"taxonomy":"product_tag","embeddable":true,"href":"https:\/\/uj.adatbank.ro\/lexikon\/wp-json\/wp\/v2\/product_tag?post=24436"}],"curies":[{"name":"wp","href":"https:\/\/api.w.org\/{rel}","templated":true}]}}