{"id":24438,"date":"2025-08-01T18:07:27","date_gmt":"2025-08-01T16:07:27","guid":{"rendered":"https:\/\/uj.adatbank.ro\/lexikon\/termek\/veress-endre\/"},"modified":"2025-08-01T18:07:27","modified_gmt":"2025-08-01T16:07:27","slug":"veress-endre","status":"publish","type":"product","link":"https:\/\/uj.adatbank.ro\/lexikon\/termek\/veress-endre\/","title":{"rendered":"VERESS Endre"},"content":{"rendered":"<p>*1938: k\u00f6lt\u0151. \u2013 Mv.-en a m\u00e9h\u00e9szek k\u00f6nyvel\u0151je volt, most nyugd\u00edjas. \u2013  <strong>F. m..:<\/strong> Hazat\u00e9r\u00e9s (Buk., 1980); Cseng\u0151k\u00f3r\u00f3 (Buk., 1981); \u00c9vel\u0151 \u00e1lmok (Buk., 1984); A szavak f\u00e9nyek (Mv., 2005).<\/br><\/p>\n","protected":false},"excerpt":{"rendered":"<p>*1938: k\u00f6lt\u0151. \u2013 Mv.-en a m\u00e9h\u00e9szek k\u00f6nyvel\u0151je volt, most nyugd\u00edjas. \u2013 F. m..: Hazat\u00e9r\u00e9s (Buk., 1980); Cseng\u0151k\u00f3r\u00f3 (Buk., 1981); \u00c9vel\u0151 \u00e1lmok (Buk., 1984); A szavak f\u00e9nyek (Mv., 2005).<\/p>\n","protected":false},"featured_media":0,"comment_status":"open","ping_status":"closed","template":"","meta":[],"product_brand":[],"product_cat":[137],"product_tag":[],"class_list":{"0":"post-24438","1":"product","2":"type-product","3":"status-publish","5":"product_cat-maros-megyei-eletrajzi-lexikon","7":"first","8":"instock","9":"shipping-taxable","10":"product-type-simple"},"_links":{"self":[{"href":"https:\/\/uj.adatbank.ro\/lexikon\/wp-json\/wp\/v2\/product\/24438","targetHints":{"allow":["GET"]}}],"collection":[{"href":"https:\/\/uj.adatbank.ro\/lexikon\/wp-json\/wp\/v2\/product"}],"about":[{"href":"https:\/\/uj.adatbank.ro\/lexikon\/wp-json\/wp\/v2\/types\/product"}],"replies":[{"embeddable":true,"href":"https:\/\/uj.adatbank.ro\/lexikon\/wp-json\/wp\/v2\/comments?post=24438"}],"wp:attachment":[{"href":"https:\/\/uj.adatbank.ro\/lexikon\/wp-json\/wp\/v2\/media?parent=24438"}],"wp:term":[{"taxonomy":"product_brand","embeddable":true,"href":"https:\/\/uj.adatbank.ro\/lexikon\/wp-json\/wp\/v2\/product_brand?post=24438"},{"taxonomy":"product_cat","embeddable":true,"href":"https:\/\/uj.adatbank.ro\/lexikon\/wp-json\/wp\/v2\/product_cat?post=24438"},{"taxonomy":"product_tag","embeddable":true,"href":"https:\/\/uj.adatbank.ro\/lexikon\/wp-json\/wp\/v2\/product_tag?post=24438"}],"curies":[{"name":"wp","href":"https:\/\/api.w.org\/{rel}","templated":true}]}}