{"id":24447,"date":"2025-08-01T18:07:49","date_gmt":"2025-08-01T16:07:49","guid":{"rendered":"https:\/\/uj.adatbank.ro\/lexikon\/termek\/veress-gyula\/"},"modified":"2025-08-01T18:07:49","modified_gmt":"2025-08-01T16:07:49","slug":"veress-gyula","status":"publish","type":"product","link":"https:\/\/uj.adatbank.ro\/lexikon\/termek\/veress-gyula\/","title":{"rendered":"VERESS Gyula"},"content":{"rendered":"<p>? 1926. ? \u2020\u00a0Mv., 1989. jan. 14.: k\u00f6zgazd\u00e1sz. \u2013 A Maros Megyei Statisztikai Igazgat\u00f3s\u00e1g munkat\u00e1rsa. <br \/><strong>\u2013 Irod.:<\/strong> [Nekrol\u00f3g] (V. Z., 1989. jan.15.).<\/br><\/p>\n","protected":false},"excerpt":{"rendered":"<p>? 1926. ? \u2020\u00a0Mv., 1989. jan. 14.: k\u00f6zgazd\u00e1sz. \u2013 A Maros Megyei Statisztikai Igazgat\u00f3s\u00e1g munkat\u00e1rsa. \u2013 Irod.: [Nekrol\u00f3g] (V. Z., 1989. jan.15.).<\/p>\n","protected":false},"featured_media":0,"comment_status":"open","ping_status":"closed","template":"","meta":[],"product_brand":[],"product_cat":[137],"product_tag":[],"class_list":{"0":"post-24447","1":"product","2":"type-product","3":"status-publish","5":"product_cat-maros-megyei-eletrajzi-lexikon","7":"first","8":"instock","9":"shipping-taxable","10":"product-type-simple"},"_links":{"self":[{"href":"https:\/\/uj.adatbank.ro\/lexikon\/wp-json\/wp\/v2\/product\/24447","targetHints":{"allow":["GET"]}}],"collection":[{"href":"https:\/\/uj.adatbank.ro\/lexikon\/wp-json\/wp\/v2\/product"}],"about":[{"href":"https:\/\/uj.adatbank.ro\/lexikon\/wp-json\/wp\/v2\/types\/product"}],"replies":[{"embeddable":true,"href":"https:\/\/uj.adatbank.ro\/lexikon\/wp-json\/wp\/v2\/comments?post=24447"}],"wp:attachment":[{"href":"https:\/\/uj.adatbank.ro\/lexikon\/wp-json\/wp\/v2\/media?parent=24447"}],"wp:term":[{"taxonomy":"product_brand","embeddable":true,"href":"https:\/\/uj.adatbank.ro\/lexikon\/wp-json\/wp\/v2\/product_brand?post=24447"},{"taxonomy":"product_cat","embeddable":true,"href":"https:\/\/uj.adatbank.ro\/lexikon\/wp-json\/wp\/v2\/product_cat?post=24447"},{"taxonomy":"product_tag","embeddable":true,"href":"https:\/\/uj.adatbank.ro\/lexikon\/wp-json\/wp\/v2\/product_tag?post=24447"}],"curies":[{"name":"wp","href":"https:\/\/api.w.org\/{rel}","templated":true}]}}