{"id":24448,"date":"2025-08-01T18:07:50","date_gmt":"2025-08-01T16:07:50","guid":{"rendered":"https:\/\/uj.adatbank.ro\/lexikon\/termek\/veress-gyula-telegdi\/"},"modified":"2025-08-01T18:07:50","modified_gmt":"2025-08-01T16:07:50","slug":"veress-gyula-telegdi","status":"publish","type":"product","link":"https:\/\/uj.adatbank.ro\/lexikon\/termek\/veress-gyula-telegdi\/","title":{"rendered":"VERESS Gyula, telegdi"},"content":{"rendered":"<p>Als\u00f3venice (Brass\u00f3), 1879., \u2020\u00a01921: m\u00e9neskari sz\u00e1zados. \u2013 Feles\u00e9ge: Hints R\u00f3za (1887\u2013?). \u2013 Tanulm\u00e1nyait Nagyszebenben v\u00e9gezte \u00e9s mint m\u00e9neskari sz\u00e1zados teljes\u00edtett szolg\u00e1latot k\u00fcl\u00f6nb\u00f6z\u0151 v\u00e1rosokban Ny\u00e1r\u00e1dszered\u00e1ban is. S\u00falyos lovasbaleset \u00e9rte (1916), ebb\u0151l ered\u0151 betegs\u00e9gben hunyt el. <br \/><strong>\u2013 Irod.:<\/strong> Sz\u00e9kelyf\u00f6ld \u00ed. k.<\/br><\/p>\n","protected":false},"excerpt":{"rendered":"<p>Als\u00f3venice (Brass\u00f3), 1879., \u2020\u00a01921: m\u00e9neskari sz\u00e1zados. \u2013 Feles\u00e9ge: Hints R\u00f3za (1887\u2013?). \u2013 Tanulm\u00e1nyait Nagyszebenben v\u00e9gezte \u00e9s mint m\u00e9neskari sz\u00e1zados teljes\u00edtett szolg\u00e1latot k\u00fcl\u00f6nb\u00f6z\u0151 v\u00e1rosokban Ny\u00e1r\u00e1dszered\u00e1ban is. S\u00falyos lovasbaleset \u00e9rte (1916), ebb\u0151l ered\u0151 betegs\u00e9gben hunyt el. \u2013 Irod.: Sz\u00e9kelyf\u00f6ld \u00ed. k.<\/p>\n","protected":false},"featured_media":0,"comment_status":"open","ping_status":"closed","template":"","meta":[],"product_brand":[],"product_cat":[137],"product_tag":[],"class_list":{"0":"post-24448","1":"product","2":"type-product","3":"status-publish","5":"product_cat-maros-megyei-eletrajzi-lexikon","7":"first","8":"instock","9":"shipping-taxable","10":"product-type-simple"},"_links":{"self":[{"href":"https:\/\/uj.adatbank.ro\/lexikon\/wp-json\/wp\/v2\/product\/24448","targetHints":{"allow":["GET"]}}],"collection":[{"href":"https:\/\/uj.adatbank.ro\/lexikon\/wp-json\/wp\/v2\/product"}],"about":[{"href":"https:\/\/uj.adatbank.ro\/lexikon\/wp-json\/wp\/v2\/types\/product"}],"replies":[{"embeddable":true,"href":"https:\/\/uj.adatbank.ro\/lexikon\/wp-json\/wp\/v2\/comments?post=24448"}],"wp:attachment":[{"href":"https:\/\/uj.adatbank.ro\/lexikon\/wp-json\/wp\/v2\/media?parent=24448"}],"wp:term":[{"taxonomy":"product_brand","embeddable":true,"href":"https:\/\/uj.adatbank.ro\/lexikon\/wp-json\/wp\/v2\/product_brand?post=24448"},{"taxonomy":"product_cat","embeddable":true,"href":"https:\/\/uj.adatbank.ro\/lexikon\/wp-json\/wp\/v2\/product_cat?post=24448"},{"taxonomy":"product_tag","embeddable":true,"href":"https:\/\/uj.adatbank.ro\/lexikon\/wp-json\/wp\/v2\/product_tag?post=24448"}],"curies":[{"name":"wp","href":"https:\/\/api.w.org\/{rel}","templated":true}]}}