{"id":24449,"date":"2025-08-01T18:07:53","date_gmt":"2025-08-01T16:07:53","guid":{"rendered":"https:\/\/uj.adatbank.ro\/lexikon\/termek\/veress-imre\/"},"modified":"2025-08-01T18:07:53","modified_gmt":"2025-08-01T16:07:53","slug":"veress-imre","status":"publish","type":"product","link":"https:\/\/uj.adatbank.ro\/lexikon\/termek\/veress-imre\/","title":{"rendered":"VERESS Imre"},"content":{"rendered":"<p>? \u2020\u00a0?: fafarag\u00f3 n\u00e9pm\u0171v\u00e9sz Rigm\u00e1nyban. <br \/><strong>\u2013 Irod.:<\/strong> (V. Z., 1958. aug. 10.).<\/br><\/p>\n","protected":false},"excerpt":{"rendered":"<p>? \u2020\u00a0?: fafarag\u00f3 n\u00e9pm\u0171v\u00e9sz Rigm\u00e1nyban. \u2013 Irod.: (V. Z., 1958. aug. 10.).<\/p>\n","protected":false},"featured_media":0,"comment_status":"open","ping_status":"closed","template":"","meta":[],"product_brand":[],"product_cat":[137],"product_tag":[],"class_list":{"0":"post-24449","1":"product","2":"type-product","3":"status-publish","5":"product_cat-maros-megyei-eletrajzi-lexikon","7":"first","8":"instock","9":"shipping-taxable","10":"product-type-simple"},"_links":{"self":[{"href":"https:\/\/uj.adatbank.ro\/lexikon\/wp-json\/wp\/v2\/product\/24449","targetHints":{"allow":["GET"]}}],"collection":[{"href":"https:\/\/uj.adatbank.ro\/lexikon\/wp-json\/wp\/v2\/product"}],"about":[{"href":"https:\/\/uj.adatbank.ro\/lexikon\/wp-json\/wp\/v2\/types\/product"}],"replies":[{"embeddable":true,"href":"https:\/\/uj.adatbank.ro\/lexikon\/wp-json\/wp\/v2\/comments?post=24449"}],"wp:attachment":[{"href":"https:\/\/uj.adatbank.ro\/lexikon\/wp-json\/wp\/v2\/media?parent=24449"}],"wp:term":[{"taxonomy":"product_brand","embeddable":true,"href":"https:\/\/uj.adatbank.ro\/lexikon\/wp-json\/wp\/v2\/product_brand?post=24449"},{"taxonomy":"product_cat","embeddable":true,"href":"https:\/\/uj.adatbank.ro\/lexikon\/wp-json\/wp\/v2\/product_cat?post=24449"},{"taxonomy":"product_tag","embeddable":true,"href":"https:\/\/uj.adatbank.ro\/lexikon\/wp-json\/wp\/v2\/product_tag?post=24449"}],"curies":[{"name":"wp","href":"https:\/\/api.w.org\/{rel}","templated":true}]}}