{"id":24450,"date":"2025-08-01T18:07:56","date_gmt":"2025-08-01T16:07:56","guid":{"rendered":"https:\/\/uj.adatbank.ro\/lexikon\/termek\/veress-istvan\/"},"modified":"2025-08-01T18:07:56","modified_gmt":"2025-08-01T16:07:56","slug":"veress-istvan","status":"publish","type":"product","link":"https:\/\/uj.adatbank.ro\/lexikon\/termek\/veress-istvan\/","title":{"rendered":"VERESS Istv\u00e1n"},"content":{"rendered":"<p>K\u00e1szonalt\u00edz, 1835. m\u00e1j. 2., \u2020\u00a01917. szept. 4.: r. k. pap. \u2013 Cs\u00edksomly\u00f3n, Sz\u00e9kelyudvarhelyen \u00e9s Gyulafeh\u00e9rv\u00e1ron tanult, papp\u00e1 szentelt\u00e9k (1860. j\u00fal. 15.). Mv.-en gimn.-i tan\u00e1r (1868\u201371). <br \/><strong>\u2013 Irod.:<\/strong> Ferenczi S\u00e1ndor 2009.<\/br><\/p>\n","protected":false},"excerpt":{"rendered":"<p>K\u00e1szonalt\u00edz, 1835. m\u00e1j. 2., \u2020\u00a01917. szept. 4.: r. k. pap. \u2013 Cs\u00edksomly\u00f3n, Sz\u00e9kelyudvarhelyen \u00e9s Gyulafeh\u00e9rv\u00e1ron tanult, papp\u00e1 szentelt\u00e9k (1860. j\u00fal. 15.). Mv.-en gimn.-i tan\u00e1r (1868\u201371). \u2013 Irod.: Ferenczi S\u00e1ndor 2009.<\/p>\n","protected":false},"featured_media":0,"comment_status":"open","ping_status":"closed","template":"","meta":[],"product_brand":[],"product_cat":[137],"product_tag":[],"class_list":{"0":"post-24450","1":"product","2":"type-product","3":"status-publish","5":"product_cat-maros-megyei-eletrajzi-lexikon","7":"first","8":"instock","9":"shipping-taxable","10":"product-type-simple"},"_links":{"self":[{"href":"https:\/\/uj.adatbank.ro\/lexikon\/wp-json\/wp\/v2\/product\/24450","targetHints":{"allow":["GET"]}}],"collection":[{"href":"https:\/\/uj.adatbank.ro\/lexikon\/wp-json\/wp\/v2\/product"}],"about":[{"href":"https:\/\/uj.adatbank.ro\/lexikon\/wp-json\/wp\/v2\/types\/product"}],"replies":[{"embeddable":true,"href":"https:\/\/uj.adatbank.ro\/lexikon\/wp-json\/wp\/v2\/comments?post=24450"}],"wp:attachment":[{"href":"https:\/\/uj.adatbank.ro\/lexikon\/wp-json\/wp\/v2\/media?parent=24450"}],"wp:term":[{"taxonomy":"product_brand","embeddable":true,"href":"https:\/\/uj.adatbank.ro\/lexikon\/wp-json\/wp\/v2\/product_brand?post=24450"},{"taxonomy":"product_cat","embeddable":true,"href":"https:\/\/uj.adatbank.ro\/lexikon\/wp-json\/wp\/v2\/product_cat?post=24450"},{"taxonomy":"product_tag","embeddable":true,"href":"https:\/\/uj.adatbank.ro\/lexikon\/wp-json\/wp\/v2\/product_tag?post=24450"}],"curies":[{"name":"wp","href":"https:\/\/api.w.org\/{rel}","templated":true}]}}