{"id":24452,"date":"2025-08-01T18:08:00","date_gmt":"2025-08-01T16:08:00","guid":{"rendered":"https:\/\/uj.adatbank.ro\/lexikon\/termek\/veress-janos\/"},"modified":"2025-08-01T18:08:00","modified_gmt":"2025-08-01T16:08:00","slug":"veress-janos","status":"publish","type":"product","link":"https:\/\/uj.adatbank.ro\/lexikon\/termek\/veress-janos\/","title":{"rendered":"VERESS J\u00e1nos"},"content":{"rendered":"<p>?, \u2020 ?: tan\u00edt\u00f3. \u2013 A ny\u00e1r\u00e1dszentbenedeki felekezeti iskola 2. ismert de\u00e1k tan\u00edt\u00f3ja (1630). <br \/><strong>\u2013 Irod.:<\/strong> Ny\u00e1r\u00e1dszentbenedek.<\/br><\/p>\n","protected":false},"excerpt":{"rendered":"<p>?, \u2020 ?: tan\u00edt\u00f3. \u2013 A ny\u00e1r\u00e1dszentbenedeki felekezeti iskola 2. ismert de\u00e1k tan\u00edt\u00f3ja (1630). \u2013 Irod.: Ny\u00e1r\u00e1dszentbenedek.<\/p>\n","protected":false},"featured_media":0,"comment_status":"open","ping_status":"closed","template":"","meta":[],"product_brand":[],"product_cat":[137],"product_tag":[],"class_list":{"0":"post-24452","1":"product","2":"type-product","3":"status-publish","5":"product_cat-maros-megyei-eletrajzi-lexikon","7":"first","8":"instock","9":"shipping-taxable","10":"product-type-simple"},"_links":{"self":[{"href":"https:\/\/uj.adatbank.ro\/lexikon\/wp-json\/wp\/v2\/product\/24452","targetHints":{"allow":["GET"]}}],"collection":[{"href":"https:\/\/uj.adatbank.ro\/lexikon\/wp-json\/wp\/v2\/product"}],"about":[{"href":"https:\/\/uj.adatbank.ro\/lexikon\/wp-json\/wp\/v2\/types\/product"}],"replies":[{"embeddable":true,"href":"https:\/\/uj.adatbank.ro\/lexikon\/wp-json\/wp\/v2\/comments?post=24452"}],"wp:attachment":[{"href":"https:\/\/uj.adatbank.ro\/lexikon\/wp-json\/wp\/v2\/media?parent=24452"}],"wp:term":[{"taxonomy":"product_brand","embeddable":true,"href":"https:\/\/uj.adatbank.ro\/lexikon\/wp-json\/wp\/v2\/product_brand?post=24452"},{"taxonomy":"product_cat","embeddable":true,"href":"https:\/\/uj.adatbank.ro\/lexikon\/wp-json\/wp\/v2\/product_cat?post=24452"},{"taxonomy":"product_tag","embeddable":true,"href":"https:\/\/uj.adatbank.ro\/lexikon\/wp-json\/wp\/v2\/product_tag?post=24452"}],"curies":[{"name":"wp","href":"https:\/\/api.w.org\/{rel}","templated":true}]}}