{"id":24453,"date":"2025-08-01T18:08:02","date_gmt":"2025-08-01T16:08:02","guid":{"rendered":"https:\/\/uj.adatbank.ro\/lexikon\/termek\/veress-jeno-arpad-nemes-csikszentmartoni\/"},"modified":"2025-08-01T18:08:02","modified_gmt":"2025-08-01T16:08:02","slug":"veress-jeno-arpad-nemes-csikszentmartoni","status":"publish","type":"product","link":"https:\/\/uj.adatbank.ro\/lexikon\/termek\/veress-jeno-arpad-nemes-csikszentmartoni\/","title":{"rendered":"VERESS Jen\u0151 \u00c1rp\u00e1d, nemes cs\u00edkszentm\u00e1rtoni"},"content":{"rendered":"<p>Mv., 1896, \u2020\u00a0?: hadnagy. \u2013 R\u00e9szt vett az I. vh.-ban (1917. jan. 18. \u2013 1918. j\u00fan. 1.). <br \/><strong>\u2013 Irod.:<\/strong> Koszta.<\/br><\/p>\n","protected":false},"excerpt":{"rendered":"<p>Mv., 1896, \u2020\u00a0?: hadnagy. \u2013 R\u00e9szt vett az I. vh.-ban (1917. jan. 18. \u2013 1918. j\u00fan. 1.). \u2013 Irod.: Koszta.<\/p>\n","protected":false},"featured_media":0,"comment_status":"open","ping_status":"closed","template":"","meta":[],"product_brand":[],"product_cat":[137],"product_tag":[],"class_list":{"0":"post-24453","1":"product","2":"type-product","3":"status-publish","5":"product_cat-maros-megyei-eletrajzi-lexikon","7":"first","8":"instock","9":"shipping-taxable","10":"product-type-simple"},"_links":{"self":[{"href":"https:\/\/uj.adatbank.ro\/lexikon\/wp-json\/wp\/v2\/product\/24453","targetHints":{"allow":["GET"]}}],"collection":[{"href":"https:\/\/uj.adatbank.ro\/lexikon\/wp-json\/wp\/v2\/product"}],"about":[{"href":"https:\/\/uj.adatbank.ro\/lexikon\/wp-json\/wp\/v2\/types\/product"}],"replies":[{"embeddable":true,"href":"https:\/\/uj.adatbank.ro\/lexikon\/wp-json\/wp\/v2\/comments?post=24453"}],"wp:attachment":[{"href":"https:\/\/uj.adatbank.ro\/lexikon\/wp-json\/wp\/v2\/media?parent=24453"}],"wp:term":[{"taxonomy":"product_brand","embeddable":true,"href":"https:\/\/uj.adatbank.ro\/lexikon\/wp-json\/wp\/v2\/product_brand?post=24453"},{"taxonomy":"product_cat","embeddable":true,"href":"https:\/\/uj.adatbank.ro\/lexikon\/wp-json\/wp\/v2\/product_cat?post=24453"},{"taxonomy":"product_tag","embeddable":true,"href":"https:\/\/uj.adatbank.ro\/lexikon\/wp-json\/wp\/v2\/product_tag?post=24453"}],"curies":[{"name":"wp","href":"https:\/\/api.w.org\/{rel}","templated":true}]}}