{"id":24456,"date":"2025-08-01T18:08:09","date_gmt":"2025-08-01T16:08:09","guid":{"rendered":"https:\/\/uj.adatbank.ro\/lexikon\/termek\/veress-jozsef-veress\/"},"modified":"2025-08-01T18:08:09","modified_gmt":"2025-08-01T16:08:09","slug":"veress-jozsef-veress","status":"publish","type":"product","link":"https:\/\/uj.adatbank.ro\/lexikon\/termek\/veress-jozsef-veress\/","title":{"rendered":"VERESS J\u00f3zsef, Veress"},"content":{"rendered":"<p>? \u2020\u00a0?: v\u00e1rosi tan\u00e1csos. \u2013 Az 1800-as \u00e9vre kiadott tiszti n\u00e9vt\u00e1rban szerepel a neve. <br \/><strong>\u2013 Irod.:<\/strong> P\u00e1l-Antal 2009.<\/br><\/p>\n","protected":false},"excerpt":{"rendered":"<p>? \u2020\u00a0?: v\u00e1rosi tan\u00e1csos. \u2013 Az 1800-as \u00e9vre kiadott tiszti n\u00e9vt\u00e1rban szerepel a neve. \u2013 Irod.: P\u00e1l-Antal 2009.<\/p>\n","protected":false},"featured_media":0,"comment_status":"open","ping_status":"closed","template":"","meta":[],"product_brand":[],"product_cat":[137],"product_tag":[],"class_list":{"0":"post-24456","1":"product","2":"type-product","3":"status-publish","5":"product_cat-maros-megyei-eletrajzi-lexikon","7":"first","8":"instock","9":"shipping-taxable","10":"product-type-simple"},"_links":{"self":[{"href":"https:\/\/uj.adatbank.ro\/lexikon\/wp-json\/wp\/v2\/product\/24456","targetHints":{"allow":["GET"]}}],"collection":[{"href":"https:\/\/uj.adatbank.ro\/lexikon\/wp-json\/wp\/v2\/product"}],"about":[{"href":"https:\/\/uj.adatbank.ro\/lexikon\/wp-json\/wp\/v2\/types\/product"}],"replies":[{"embeddable":true,"href":"https:\/\/uj.adatbank.ro\/lexikon\/wp-json\/wp\/v2\/comments?post=24456"}],"wp:attachment":[{"href":"https:\/\/uj.adatbank.ro\/lexikon\/wp-json\/wp\/v2\/media?parent=24456"}],"wp:term":[{"taxonomy":"product_brand","embeddable":true,"href":"https:\/\/uj.adatbank.ro\/lexikon\/wp-json\/wp\/v2\/product_brand?post=24456"},{"taxonomy":"product_cat","embeddable":true,"href":"https:\/\/uj.adatbank.ro\/lexikon\/wp-json\/wp\/v2\/product_cat?post=24456"},{"taxonomy":"product_tag","embeddable":true,"href":"https:\/\/uj.adatbank.ro\/lexikon\/wp-json\/wp\/v2\/product_tag?post=24456"}],"curies":[{"name":"wp","href":"https:\/\/api.w.org\/{rel}","templated":true}]}}