{"id":24457,"date":"2025-08-01T18:08:11","date_gmt":"2025-08-01T16:08:11","guid":{"rendered":"https:\/\/uj.adatbank.ro\/lexikon\/termek\/veress-kalman\/"},"modified":"2025-08-01T18:08:11","modified_gmt":"2025-08-01T16:08:11","slug":"veress-kalman","status":"publish","type":"product","link":"https:\/\/uj.adatbank.ro\/lexikon\/termek\/veress-kalman\/","title":{"rendered":"VERESS K\u00e1lm\u00e1n"},"content":{"rendered":"<p>Rigm\u00e1ny, 1894., \u2020\u00a0?: gazd\u00e1lkod\u00f3. \u2013 K\u00f6z\u00e9piskol\u00e1it Mv.-en v\u00e9gezte, majd \u00e9desapja mellett gazd\u00e1lkodott. Az els\u0151 vh.-ban a 62. k. gy. e.-ben mint tizedes harcolt, megsebes\u00fclt, a K\u00e1roly-csapatkereszttel t\u00fcntett\u00e9k ki. A Hangya \u00e9s a Gazdak\u00f6r tagja, a kultur\u00e1lis \u00e9s szoci\u00e1lis int\u00e9zm\u00e9nyek t\u00e1mogat\u00f3ja volt. <br \/><strong>\u2013 Irod.:<\/strong> Sz\u00e9kelyf\u00f6ld \u00ed. k.<\/br><\/p>\n","protected":false},"excerpt":{"rendered":"<p>Rigm\u00e1ny, 1894., \u2020\u00a0?: gazd\u00e1lkod\u00f3. \u2013 K\u00f6z\u00e9piskol\u00e1it Mv.-en v\u00e9gezte, majd \u00e9desapja mellett gazd\u00e1lkodott. Az els\u0151 vh.-ban a 62. k. gy. e.-ben mint tizedes harcolt, megsebes\u00fclt, a K\u00e1roly-csapatkereszttel t\u00fcntett\u00e9k ki. A Hangya \u00e9s a Gazdak\u00f6r tagja, a kultur\u00e1lis \u00e9s szoci\u00e1lis int\u00e9zm\u00e9nyek t\u00e1mogat\u00f3ja volt. \u2013 Irod.: Sz\u00e9kelyf\u00f6ld \u00ed. k.<\/p>\n","protected":false},"featured_media":0,"comment_status":"open","ping_status":"closed","template":"","meta":[],"product_brand":[],"product_cat":[137],"product_tag":[],"class_list":{"0":"post-24457","1":"product","2":"type-product","3":"status-publish","5":"product_cat-maros-megyei-eletrajzi-lexikon","7":"first","8":"instock","9":"shipping-taxable","10":"product-type-simple"},"_links":{"self":[{"href":"https:\/\/uj.adatbank.ro\/lexikon\/wp-json\/wp\/v2\/product\/24457","targetHints":{"allow":["GET"]}}],"collection":[{"href":"https:\/\/uj.adatbank.ro\/lexikon\/wp-json\/wp\/v2\/product"}],"about":[{"href":"https:\/\/uj.adatbank.ro\/lexikon\/wp-json\/wp\/v2\/types\/product"}],"replies":[{"embeddable":true,"href":"https:\/\/uj.adatbank.ro\/lexikon\/wp-json\/wp\/v2\/comments?post=24457"}],"wp:attachment":[{"href":"https:\/\/uj.adatbank.ro\/lexikon\/wp-json\/wp\/v2\/media?parent=24457"}],"wp:term":[{"taxonomy":"product_brand","embeddable":true,"href":"https:\/\/uj.adatbank.ro\/lexikon\/wp-json\/wp\/v2\/product_brand?post=24457"},{"taxonomy":"product_cat","embeddable":true,"href":"https:\/\/uj.adatbank.ro\/lexikon\/wp-json\/wp\/v2\/product_cat?post=24457"},{"taxonomy":"product_tag","embeddable":true,"href":"https:\/\/uj.adatbank.ro\/lexikon\/wp-json\/wp\/v2\/product_tag?post=24457"}],"curies":[{"name":"wp","href":"https:\/\/api.w.org\/{rel}","templated":true}]}}