{"id":24460,"date":"2025-08-01T18:08:18","date_gmt":"2025-08-01T16:08:18","guid":{"rendered":"https:\/\/uj.adatbank.ro\/lexikon\/termek\/veress-karoly-dalnoki\/"},"modified":"2025-08-01T18:08:18","modified_gmt":"2025-08-01T16:08:18","slug":"veress-karoly-dalnoki","status":"publish","type":"product","link":"https:\/\/uj.adatbank.ro\/lexikon\/termek\/veress-karoly-dalnoki\/","title":{"rendered":"VERESS K\u00e1roly, d\u00e1lnoki"},"content":{"rendered":"<p>Aranyosgerend (Kolozs), 1900., \u2020\u00a0?: k\u00f6rjegyz\u0151. \u2013 K\u00f6z\u00e9piskol\u00e1it Nagyenyeden v\u00e9gezte, majd k\u00f6zigazgat\u00e1si p\u00e1ly\u00e1ra l\u00e9pett (1922). Ny\u00e1r\u00e1dszered\u00e1n k\u00f6rjegyz\u0151 volt (1940\u2013). <br \/><strong>\u2013 Irod.:<\/strong> Sz\u00e9kelyf\u00f6ld \u00ed. k.<\/br><\/p>\n","protected":false},"excerpt":{"rendered":"<p>Aranyosgerend (Kolozs), 1900., \u2020\u00a0?: k\u00f6rjegyz\u0151. \u2013 K\u00f6z\u00e9piskol\u00e1it Nagyenyeden v\u00e9gezte, majd k\u00f6zigazgat\u00e1si p\u00e1ly\u00e1ra l\u00e9pett (1922). Ny\u00e1r\u00e1dszered\u00e1n k\u00f6rjegyz\u0151 volt (1940\u2013). \u2013 Irod.: Sz\u00e9kelyf\u00f6ld \u00ed. k.<\/p>\n","protected":false},"featured_media":0,"comment_status":"open","ping_status":"closed","template":"","meta":[],"product_brand":[],"product_cat":[137],"product_tag":[],"class_list":{"0":"post-24460","1":"product","2":"type-product","3":"status-publish","5":"product_cat-maros-megyei-eletrajzi-lexikon","7":"first","8":"instock","9":"shipping-taxable","10":"product-type-simple"},"_links":{"self":[{"href":"https:\/\/uj.adatbank.ro\/lexikon\/wp-json\/wp\/v2\/product\/24460","targetHints":{"allow":["GET"]}}],"collection":[{"href":"https:\/\/uj.adatbank.ro\/lexikon\/wp-json\/wp\/v2\/product"}],"about":[{"href":"https:\/\/uj.adatbank.ro\/lexikon\/wp-json\/wp\/v2\/types\/product"}],"replies":[{"embeddable":true,"href":"https:\/\/uj.adatbank.ro\/lexikon\/wp-json\/wp\/v2\/comments?post=24460"}],"wp:attachment":[{"href":"https:\/\/uj.adatbank.ro\/lexikon\/wp-json\/wp\/v2\/media?parent=24460"}],"wp:term":[{"taxonomy":"product_brand","embeddable":true,"href":"https:\/\/uj.adatbank.ro\/lexikon\/wp-json\/wp\/v2\/product_brand?post=24460"},{"taxonomy":"product_cat","embeddable":true,"href":"https:\/\/uj.adatbank.ro\/lexikon\/wp-json\/wp\/v2\/product_cat?post=24460"},{"taxonomy":"product_tag","embeddable":true,"href":"https:\/\/uj.adatbank.ro\/lexikon\/wp-json\/wp\/v2\/product_tag?post=24460"}],"curies":[{"name":"wp","href":"https:\/\/api.w.org\/{rel}","templated":true}]}}