{"id":24463,"date":"2025-08-01T18:08:25","date_gmt":"2025-08-01T16:08:25","guid":{"rendered":"https:\/\/uj.adatbank.ro\/lexikon\/termek\/veress-kazmer\/"},"modified":"2025-08-01T18:08:25","modified_gmt":"2025-08-01T16:08:25","slug":"veress-kazmer","status":"publish","type":"product","link":"https:\/\/uj.adatbank.ro\/lexikon\/termek\/veress-kazmer\/","title":{"rendered":"VERESS K\u00e1zm\u00e9r"},"content":{"rendered":"<p>Mv., 1921. m\u00e1j. 12., \u2020 Bp., 2002. j\u00fal. 6.: A II. vh.-ban tart. z\u00e1szl\u00f3si rangban vett r\u00e9szt. 1945. m\u00e1j.-ban szovjet hadifogs\u00e1gba esett, ahonnan hazat\u00e9rt (1948. m\u00e1j. 5.). <br \/><strong>\u2013 Irod.:<\/strong> Berekm\u00e9ri.<\/br><\/p>\n","protected":false},"excerpt":{"rendered":"<p>Mv., 1921. m\u00e1j. 12., \u2020 Bp., 2002. j\u00fal. 6.: A II. vh.-ban tart. z\u00e1szl\u00f3si rangban vett r\u00e9szt. 1945. m\u00e1j.-ban szovjet hadifogs\u00e1gba esett, ahonnan hazat\u00e9rt (1948. m\u00e1j. 5.). \u2013 Irod.: Berekm\u00e9ri.<\/p>\n","protected":false},"featured_media":0,"comment_status":"open","ping_status":"closed","template":"","meta":[],"product_brand":[],"product_cat":[137],"product_tag":[],"class_list":{"0":"post-24463","1":"product","2":"type-product","3":"status-publish","5":"product_cat-maros-megyei-eletrajzi-lexikon","7":"first","8":"instock","9":"shipping-taxable","10":"product-type-simple"},"_links":{"self":[{"href":"https:\/\/uj.adatbank.ro\/lexikon\/wp-json\/wp\/v2\/product\/24463","targetHints":{"allow":["GET"]}}],"collection":[{"href":"https:\/\/uj.adatbank.ro\/lexikon\/wp-json\/wp\/v2\/product"}],"about":[{"href":"https:\/\/uj.adatbank.ro\/lexikon\/wp-json\/wp\/v2\/types\/product"}],"replies":[{"embeddable":true,"href":"https:\/\/uj.adatbank.ro\/lexikon\/wp-json\/wp\/v2\/comments?post=24463"}],"wp:attachment":[{"href":"https:\/\/uj.adatbank.ro\/lexikon\/wp-json\/wp\/v2\/media?parent=24463"}],"wp:term":[{"taxonomy":"product_brand","embeddable":true,"href":"https:\/\/uj.adatbank.ro\/lexikon\/wp-json\/wp\/v2\/product_brand?post=24463"},{"taxonomy":"product_cat","embeddable":true,"href":"https:\/\/uj.adatbank.ro\/lexikon\/wp-json\/wp\/v2\/product_cat?post=24463"},{"taxonomy":"product_tag","embeddable":true,"href":"https:\/\/uj.adatbank.ro\/lexikon\/wp-json\/wp\/v2\/product_tag?post=24463"}],"curies":[{"name":"wp","href":"https:\/\/api.w.org\/{rel}","templated":true}]}}